{"id":130,"date":"2016-01-20T13:17:37","date_gmt":"2016-01-20T12:17:37","guid":{"rendered":"http:\/\/www.korporate-events.com\/evenement\/?page_id=130"},"modified":"2016-01-20T18:24:13","modified_gmt":"2016-01-20T17:24:13","slug":"we-a-theme","status":"publish","type":"page","link":"http:\/\/www.korporate-events.com\/evenement\/we-a-theme\/","title":{"rendered":"Journ\u00e9e &#038; WE \u00e0 th\u00e8mes"},"content":{"rendered":"<div style=\"text-align: center;\"><span style=\"color: #00ff00;\"><span style=\"font-size: 36px;\"><strong>Journ\u00e9es &amp; Week-end \u00e0 th\u00e8mes<\/strong><\/span><\/span><\/div>\n<div style=\"text-align: center;\"><strong>Pour recevoir nos offres, merci de renseigner votre adresse email.<\/strong><\/div>\n<p>[gravityform id=\u00a0\u00bb12&Prime; title=\u00a0\u00bbfalse\u00a0\u00bb description=\u00a0\u00bbfalse\u00a0\u00bb]<\/p>\n","protected":false},"excerpt":{"rendered":"<p>Journ\u00e9es &amp; Week-end \u00e0 th\u00e8mes Pour recevoir nos offres, merci de renseigner votre adresse email. [gravityform id=\u00a0\u00bb12&Prime; title=\u00a0\u00bbfalse\u00a0\u00bb description=\u00a0\u00bbfalse\u00a0\u00bb]<\/p>\n","protected":false},"author":1,"featured_media":0,"parent":0,"menu_order":0,"comment_status":"closed","ping_status":"closed","template":"","meta":{"footnotes":""},"class_list":["post-130","page","type-page","status-publish","hentry"],"_links":{"self":[{"href":"http:\/\/www.korporate-events.com\/evenement\/wp-json\/wp\/v2\/pages\/130","targetHints":{"allow":["GET"]}}],"collection":[{"href":"http:\/\/www.korporate-events.com\/evenement\/wp-json\/wp\/v2\/pages"}],"about":[{"href":"http:\/\/www.korporate-events.com\/evenement\/wp-json\/wp\/v2\/types\/page"}],"author":[{"embeddable":true,"href":"http:\/\/www.korporate-events.com\/evenement\/wp-json\/wp\/v2\/users\/1"}],"replies":[{"embeddable":true,"href":"http:\/\/www.korporate-events.com\/evenement\/wp-json\/wp\/v2\/comments?post=130"}],"version-history":[{"count":5,"href":"http:\/\/www.korporate-events.com\/evenement\/wp-json\/wp\/v2\/pages\/130\/revisions"}],"predecessor-version":[{"id":162,"href":"http:\/\/www.korporate-events.com\/evenement\/wp-json\/wp\/v2\/pages\/130\/revisions\/162"}],"wp:attachment":[{"href":"http:\/\/www.korporate-events.com\/evenement\/wp-json\/wp\/v2\/media?parent=130"}],"curies":[{"name":"wp","href":"https:\/\/api.w.org\/{rel}","templated":true}]}}