{"id":137,"date":"2016-01-20T13:30:12","date_gmt":"2016-01-20T12:30:12","guid":{"rendered":"http:\/\/www.korporate-events.com\/evenement\/?page_id=137"},"modified":"2016-04-14T09:41:21","modified_gmt":"2016-04-14T08:41:21","slug":"soirees-a-themes-sur-mesures","status":"publish","type":"page","link":"http:\/\/www.korporate-events.com\/evenement\/soirees-a-themes-sur-mesures\/","title":{"rendered":"Soir\u00e9es \u00e0 th\u00e8mes sur mesures"},"content":{"rendered":"<div style=\"text-align: center;\"><span style=\"color: #ff00ff;\"><span style=\"font-size: 36px;\"><strong><br \/>\nSoir\u00e9es \u00e0 th\u00e8mes sur mesures<\/strong><\/span><\/span><\/div>\n<p>&nbsp;<\/p>\n<div style=\"text-align: center; margin-botton: 45px;\"><strong>Pouur recevoir une offre personnalis\u00e9e, merci de renseigner votre adresse email<span style=\"color: #ff00ff;\"> * <\/span><\/strong><\/div>\n<p>[gravityform id=\u00a0\u00bb15&Prime; title=\u00a0\u00bbfalse\u00a0\u00bb description=\u00a0\u00bbfalse\u00a0\u00bb]<\/p>\n","protected":false},"excerpt":{"rendered":"<p>Soir\u00e9es \u00e0 th\u00e8mes sur mesures &nbsp; Pouur recevoir une offre personnalis\u00e9e, merci de renseigner votre adresse email * [gravityform id=\u00a0\u00bb15&Prime; title=\u00a0\u00bbfalse\u00a0\u00bb description=\u00a0\u00bbfalse\u00a0\u00bb]<\/p>\n","protected":false},"author":1,"featured_media":0,"parent":0,"menu_order":0,"comment_status":"closed","ping_status":"closed","template":"","meta":{"footnotes":""},"class_list":["post-137","page","type-page","status-publish","hentry"],"_links":{"self":[{"href":"http:\/\/www.korporate-events.com\/evenement\/wp-json\/wp\/v2\/pages\/137","targetHints":{"allow":["GET"]}}],"collection":[{"href":"http:\/\/www.korporate-events.com\/evenement\/wp-json\/wp\/v2\/pages"}],"about":[{"href":"http:\/\/www.korporate-events.com\/evenement\/wp-json\/wp\/v2\/types\/page"}],"author":[{"embeddable":true,"href":"http:\/\/www.korporate-events.com\/evenement\/wp-json\/wp\/v2\/users\/1"}],"replies":[{"embeddable":true,"href":"http:\/\/www.korporate-events.com\/evenement\/wp-json\/wp\/v2\/comments?post=137"}],"version-history":[{"count":14,"href":"http:\/\/www.korporate-events.com\/evenement\/wp-json\/wp\/v2\/pages\/137\/revisions"}],"predecessor-version":[{"id":179,"href":"http:\/\/www.korporate-events.com\/evenement\/wp-json\/wp\/v2\/pages\/137\/revisions\/179"}],"wp:attachment":[{"href":"http:\/\/www.korporate-events.com\/evenement\/wp-json\/wp\/v2\/media?parent=137"}],"curies":[{"name":"wp","href":"https:\/\/api.w.org\/{rel}","templated":true}]}}