{"id":144,"date":"2016-01-20T17:49:24","date_gmt":"2016-01-20T16:49:24","guid":{"rendered":"http:\/\/www.korporate-events.com\/evenement\/?page_id=144"},"modified":"2016-01-20T17:51:14","modified_gmt":"2016-01-20T16:51:14","slug":"soirees-a-themes-sur-mesures-2","status":"publish","type":"page","link":"http:\/\/www.korporate-events.com\/evenement\/soirees-a-themes-sur-mesures-2\/","title":{"rendered":"Soir\u00e9es \u00e0 th\u00e8mes sur mesures 2"},"content":{"rendered":"<div style=\"text-align: center; \"><span style=\"color:#FF00FF;\"><span style=\"font-size:36px;\"><strong><br \/>\nSoir\u00e9es \u00e0 th\u00e8mes sur mesures<\/strong><\/span><\/span><\/div>\n<p><\/font><\/a><br \/>\n[gravityform id=\u00a0\u00bb17&Prime; title=\u00a0\u00bbfalse\u00a0\u00bb description=\u00a0\u00bbfalse\u00a0\u00bb]<\/p>\n","protected":false},"excerpt":{"rendered":"<p>Soir\u00e9es \u00e0 th\u00e8mes sur mesures [gravityform id=\u00a0\u00bb17&Prime; title=\u00a0\u00bbfalse\u00a0\u00bb description=\u00a0\u00bbfalse\u00a0\u00bb]<\/p>\n","protected":false},"author":1,"featured_media":0,"parent":0,"menu_order":0,"comment_status":"closed","ping_status":"closed","template":"","meta":{"footnotes":""},"class_list":["post-144","page","type-page","status-publish","hentry"],"_links":{"self":[{"href":"http:\/\/www.korporate-events.com\/evenement\/wp-json\/wp\/v2\/pages\/144","targetHints":{"allow":["GET"]}}],"collection":[{"href":"http:\/\/www.korporate-events.com\/evenement\/wp-json\/wp\/v2\/pages"}],"about":[{"href":"http:\/\/www.korporate-events.com\/evenement\/wp-json\/wp\/v2\/types\/page"}],"author":[{"embeddable":true,"href":"http:\/\/www.korporate-events.com\/evenement\/wp-json\/wp\/v2\/users\/1"}],"replies":[{"embeddable":true,"href":"http:\/\/www.korporate-events.com\/evenement\/wp-json\/wp\/v2\/comments?post=144"}],"version-history":[{"count":4,"href":"http:\/\/www.korporate-events.com\/evenement\/wp-json\/wp\/v2\/pages\/144\/revisions"}],"predecessor-version":[{"id":181,"href":"http:\/\/www.korporate-events.com\/evenement\/wp-json\/wp\/v2\/pages\/144\/revisions\/181"}],"wp:attachment":[{"href":"http:\/\/www.korporate-events.com\/evenement\/wp-json\/wp\/v2\/media?parent=144"}],"curies":[{"name":"wp","href":"https:\/\/api.w.org\/{rel}","templated":true}]}}