{"id":163,"date":"2016-01-20T18:26:11","date_gmt":"2016-01-20T17:26:11","guid":{"rendered":"http:\/\/www.korporate-events.com\/evenement\/?page_id=163"},"modified":"2016-01-20T18:44:23","modified_gmt":"2016-01-20T17:44:23","slug":"journee-we-a-themes-2","status":"publish","type":"page","link":"http:\/\/www.korporate-events.com\/evenement\/journee-we-a-themes-2\/","title":{"rendered":"Journ\u00e9e &#038; WE \u00e0 th\u00e8mes &#8211; 2"},"content":{"rendered":"<div style=\"text-align: center;\"><span style=\"color: #00ff00;\"><span style=\"font-size: 36px;\"><strong>Journ\u00e9es &amp; Week-end \u00e0 th\u00e8mes<\/strong><\/span><\/span><\/div>\n<p>[gravityform id=\u00a0\u00bb18&Prime; title=\u00a0\u00bbfalse\u00a0\u00bb description=\u00a0\u00bbfalse\u00a0\u00bb]<\/p>\n","protected":false},"excerpt":{"rendered":"<p>Journ\u00e9es &amp; Week-end \u00e0 th\u00e8mes [gravityform id=\u00a0\u00bb18&Prime; title=\u00a0\u00bbfalse\u00a0\u00bb description=\u00a0\u00bbfalse\u00a0\u00bb]<\/p>\n","protected":false},"author":1,"featured_media":0,"parent":0,"menu_order":0,"comment_status":"closed","ping_status":"closed","template":"","meta":{"footnotes":""},"class_list":["post-163","page","type-page","status-publish","hentry"],"_links":{"self":[{"href":"http:\/\/www.korporate-events.com\/evenement\/wp-json\/wp\/v2\/pages\/163","targetHints":{"allow":["GET"]}}],"collection":[{"href":"http:\/\/www.korporate-events.com\/evenement\/wp-json\/wp\/v2\/pages"}],"about":[{"href":"http:\/\/www.korporate-events.com\/evenement\/wp-json\/wp\/v2\/types\/page"}],"author":[{"embeddable":true,"href":"http:\/\/www.korporate-events.com\/evenement\/wp-json\/wp\/v2\/users\/1"}],"replies":[{"embeddable":true,"href":"http:\/\/www.korporate-events.com\/evenement\/wp-json\/wp\/v2\/comments?post=163"}],"version-history":[{"count":3,"href":"http:\/\/www.korporate-events.com\/evenement\/wp-json\/wp\/v2\/pages\/163\/revisions"}],"predecessor-version":[{"id":166,"href":"http:\/\/www.korporate-events.com\/evenement\/wp-json\/wp\/v2\/pages\/163\/revisions\/166"}],"wp:attachment":[{"href":"http:\/\/www.korporate-events.com\/evenement\/wp-json\/wp\/v2\/media?parent=163"}],"curies":[{"name":"wp","href":"https:\/\/api.w.org\/{rel}","templated":true}]}}