{"id":174,"date":"2016-04-13T15:33:13","date_gmt":"2016-04-13T14:33:13","guid":{"rendered":"http:\/\/www.korporate-events.com\/evenement\/?page_id=174"},"modified":"2016-04-14T09:38:41","modified_gmt":"2016-04-14T08:38:41","slug":"soirees-speciales-euro-2016","status":"publish","type":"page","link":"http:\/\/www.korporate-events.com\/evenement\/soirees-speciales-euro-2016\/","title":{"rendered":"Soir\u00e9es sp\u00e9ciales Euro 2016"},"content":{"rendered":"<div style=\"text-align: center;\"><span style=\"color: #2494D8;\"><span style=\"font-size: 36px;\"><strong><br \/>\nSoir\u00e9es sp\u00e9ciales Euro 2016<\/strong><\/span><\/span><\/div>\n<div style=\"text-align: center; margin-botton: 45px;\"><strong>Pour recevoir une offre personnalis\u00e9e, merci de renseigner votre adresse e-mail.<span style=\"color: #790000;\"> * <\/span><\/strong><\/div>\n<p>[gravityform id=\u00a0\u00bb21&Prime; title=\u00a0\u00bbfalse\u00a0\u00bb description=\u00a0\u00bbfalse\u00a0\u00bb]<\/p>\n","protected":false},"excerpt":{"rendered":"<p>Soir\u00e9es sp\u00e9ciales Euro 2016 Pour recevoir une offre personnalis\u00e9e, merci de renseigner votre adresse e-mail. * [gravityform id=\u00a0\u00bb21&Prime; title=\u00a0\u00bbfalse\u00a0\u00bb description=\u00a0\u00bbfalse\u00a0\u00bb]<\/p>\n","protected":false},"author":1,"featured_media":0,"parent":0,"menu_order":0,"comment_status":"closed","ping_status":"closed","template":"","meta":{"footnotes":""},"class_list":["post-174","page","type-page","status-publish","hentry"],"_links":{"self":[{"href":"http:\/\/www.korporate-events.com\/evenement\/wp-json\/wp\/v2\/pages\/174","targetHints":{"allow":["GET"]}}],"collection":[{"href":"http:\/\/www.korporate-events.com\/evenement\/wp-json\/wp\/v2\/pages"}],"about":[{"href":"http:\/\/www.korporate-events.com\/evenement\/wp-json\/wp\/v2\/types\/page"}],"author":[{"embeddable":true,"href":"http:\/\/www.korporate-events.com\/evenement\/wp-json\/wp\/v2\/users\/1"}],"replies":[{"embeddable":true,"href":"http:\/\/www.korporate-events.com\/evenement\/wp-json\/wp\/v2\/comments?post=174"}],"version-history":[{"count":4,"href":"http:\/\/www.korporate-events.com\/evenement\/wp-json\/wp\/v2\/pages\/174\/revisions"}],"predecessor-version":[{"id":178,"href":"http:\/\/www.korporate-events.com\/evenement\/wp-json\/wp\/v2\/pages\/174\/revisions\/178"}],"wp:attachment":[{"href":"http:\/\/www.korporate-events.com\/evenement\/wp-json\/wp\/v2\/media?parent=174"}],"curies":[{"name":"wp","href":"https:\/\/api.w.org\/{rel}","templated":true}]}}