{"id":209,"date":"2019-04-18T14:50:43","date_gmt":"2019-04-18T13:50:43","guid":{"rendered":"http:\/\/www.korporate-events.com\/evenement\/?page_id=209"},"modified":"2019-04-18T14:52:19","modified_gmt":"2019-04-18T13:52:19","slug":"paradis-latin-2019-presentation","status":"publish","type":"page","link":"http:\/\/www.korporate-events.com\/evenement\/paradis-latin-2019-presentation\/","title":{"rendered":"Paradis Latin 2019 Pr\u00e9sentation"},"content":{"rendered":"<p style=\"text-align: center;\"><strong>Pour t\u00e9l\u00e9charger la\u00a0pr\u00e9sentation compl\u00e8te d&rsquo;une soir\u00e9e au Paradis latin,\u00a0merci de renseigner votre adresse email.<\/strong><\/p>\n<p style=\"text-align: center;\">[gravityform id=\u00a0\u00bb24&Prime; title=\u00a0\u00bbfalse\u00a0\u00bb description=\u00a0\u00bbfalse\u00a0\u00bb]<\/p>\n<p><img loading=\"lazy\" decoding=\"async\" class=\"aligncenter wp-image-198\" src=\"http:\/\/www.korporate-events.com\/evenement\/wp-content\/uploads\/2019\/04\/LAffiche.jpeg\" alt=\"\" width=\"552\" height=\"771\" srcset=\"http:\/\/www.korporate-events.com\/evenement\/wp-content\/uploads\/2019\/04\/LAffiche.jpeg 1466w, http:\/\/www.korporate-events.com\/evenement\/wp-content\/uploads\/2019\/04\/LAffiche-215x300.jpeg 215w, http:\/\/www.korporate-events.com\/evenement\/wp-content\/uploads\/2019\/04\/LAffiche-768x1073.jpeg 768w, http:\/\/www.korporate-events.com\/evenement\/wp-content\/uploads\/2019\/04\/LAffiche-733x1024.jpeg 733w, http:\/\/www.korporate-events.com\/evenement\/wp-content\/uploads\/2019\/04\/LAffiche-624x872.jpeg 624w\" sizes=\"auto, (max-width: 552px) 100vw, 552px\" \/><\/p>\n","protected":false},"excerpt":{"rendered":"<p>Pour t\u00e9l\u00e9charger la\u00a0pr\u00e9sentation compl\u00e8te d&rsquo;une soir\u00e9e au Paradis latin,\u00a0merci de renseigner votre adresse email. [gravityform id=\u00a0\u00bb24&Prime; title=\u00a0\u00bbfalse\u00a0\u00bb description=\u00a0\u00bbfalse\u00a0\u00bb]<\/p>\n","protected":false},"author":1,"featured_media":0,"parent":0,"menu_order":0,"comment_status":"closed","ping_status":"closed","template":"","meta":{"footnotes":""},"class_list":["post-209","page","type-page","status-publish","hentry"],"_links":{"self":[{"href":"http:\/\/www.korporate-events.com\/evenement\/wp-json\/wp\/v2\/pages\/209","targetHints":{"allow":["GET"]}}],"collection":[{"href":"http:\/\/www.korporate-events.com\/evenement\/wp-json\/wp\/v2\/pages"}],"about":[{"href":"http:\/\/www.korporate-events.com\/evenement\/wp-json\/wp\/v2\/types\/page"}],"author":[{"embeddable":true,"href":"http:\/\/www.korporate-events.com\/evenement\/wp-json\/wp\/v2\/users\/1"}],"replies":[{"embeddable":true,"href":"http:\/\/www.korporate-events.com\/evenement\/wp-json\/wp\/v2\/comments?post=209"}],"version-history":[{"count":3,"href":"http:\/\/www.korporate-events.com\/evenement\/wp-json\/wp\/v2\/pages\/209\/revisions"}],"predecessor-version":[{"id":212,"href":"http:\/\/www.korporate-events.com\/evenement\/wp-json\/wp\/v2\/pages\/209\/revisions\/212"}],"wp:attachment":[{"href":"http:\/\/www.korporate-events.com\/evenement\/wp-json\/wp\/v2\/media?parent=209"}],"curies":[{"name":"wp","href":"https:\/\/api.w.org\/{rel}","templated":true}]}}