{"id":237,"date":"2020-11-25T10:24:08","date_gmt":"2020-11-25T09:24:08","guid":{"rendered":"http:\/\/www.korporate-events.com\/evenement\/?page_id=237"},"modified":"2022-11-24T16:49:21","modified_gmt":"2022-11-24T15:49:21","slug":"en-avant-les-evenements","status":"publish","type":"page","link":"http:\/\/www.korporate-events.com\/evenement\/en-avant-les-evenements\/","title":{"rendered":"Landing page Newsletter digitale"},"content":{"rendered":"<div>\n<h1 style=\"text-align: center;\"><span class=\"font-style-heading\" style=\"color: #263299;\"><strong>CHANGE EXPERIENCE<\/strong><\/span><\/h1>\n<h1 style=\"text-align: center;\"><strong style=\"font-size: 1.5rem;\"><img loading=\"lazy\" decoding=\"async\" class=\"size-large wp-image-241 aligncenter\" src=\"http:\/\/www.korporate-events.com\/evenement\/wp-content\/uploads\/2020\/11\/bd3c6975-196f-435f-84f8-1d0aee7cfcbb-1024x572.png\" alt=\"\" width=\"625\" height=\"349\" srcset=\"http:\/\/www.korporate-events.com\/evenement\/wp-content\/uploads\/2020\/11\/bd3c6975-196f-435f-84f8-1d0aee7cfcbb-1024x572.png 1024w, http:\/\/www.korporate-events.com\/evenement\/wp-content\/uploads\/2020\/11\/bd3c6975-196f-435f-84f8-1d0aee7cfcbb-300x167.png 300w, http:\/\/www.korporate-events.com\/evenement\/wp-content\/uploads\/2020\/11\/bd3c6975-196f-435f-84f8-1d0aee7cfcbb-768x429.png 768w, http:\/\/www.korporate-events.com\/evenement\/wp-content\/uploads\/2020\/11\/bd3c6975-196f-435f-84f8-1d0aee7cfcbb-624x348.png 624w, http:\/\/www.korporate-events.com\/evenement\/wp-content\/uploads\/2020\/11\/bd3c6975-196f-435f-84f8-1d0aee7cfcbb.png 1843w\" sizes=\"auto, (max-width: 625px) 100vw, 625px\" \/><\/strong><\/h1>\n<p><strong><img loading=\"lazy\" decoding=\"async\" class=\"size-large wp-image-242 aligncenter\" src=\"http:\/\/www.korporate-events.com\/evenement\/wp-content\/uploads\/2020\/11\/Capture-d\u2019\u00e9cran-2020-11-18-\u00e0-15.50.34-1024x574.png\" alt=\"\" width=\"625\" height=\"350\" srcset=\"http:\/\/www.korporate-events.com\/evenement\/wp-content\/uploads\/2020\/11\/Capture-d\u2019\u00e9cran-2020-11-18-\u00e0-15.50.34-1024x574.png 1024w, http:\/\/www.korporate-events.com\/evenement\/wp-content\/uploads\/2020\/11\/Capture-d\u2019\u00e9cran-2020-11-18-\u00e0-15.50.34-300x168.png 300w, http:\/\/www.korporate-events.com\/evenement\/wp-content\/uploads\/2020\/11\/Capture-d\u2019\u00e9cran-2020-11-18-\u00e0-15.50.34-768x430.png 768w, http:\/\/www.korporate-events.com\/evenement\/wp-content\/uploads\/2020\/11\/Capture-d\u2019\u00e9cran-2020-11-18-\u00e0-15.50.34-624x350.png 624w, http:\/\/www.korporate-events.com\/evenement\/wp-content\/uploads\/2020\/11\/Capture-d\u2019\u00e9cran-2020-11-18-\u00e0-15.50.34.png 1858w\" sizes=\"auto, (max-width: 625px) 100vw, 625px\" \/><\/strong><\/p>\n<p style=\"text-align: left;\">ll s\u2019agit d\u2019une exp\u00e9rience qui va transformer et changer la vision que vos collaborateurs ont d\u2019eux-m\u00eames. Elle va doper leur capacit\u00e9 \u00e0 se d\u00e9passer, \u00e0 sortir de leur zone de confort pour aller au-del\u00e0 de leurs limites. Avec la situation actuelle que nous vivons, cette exp\u00e9rience les aidera \u00e0 aller plus loin et elle leur fera prendre conscience de leur plein potentiel.<\/p>\n<p style=\"text-align: left;\">\u00c0 l\u2019issue de cette exp\u00e9rience, chaque collaborateur pourra si dire \u00ab Moi aussi je suis capable de le faire \u00bb. Ils prendront conscience individuellement qu\u2019un changement, une am\u00e9lioration est possible.<\/p>\n<p style=\"text-align: left;\">Tout ces changement in\u00e9dits peuvent profond\u00e9ment perturber l&rsquo;humain voire le transformer par rapport \u00e0 l\u2019entreprise, ses coll\u00e8gues, etc\u2026 \u00a0C\u2019est donc le moment id\u00e9al pour les accompagner dans leur d\u00e9veloppement personnel. Leur montrer que leurs limites ne sont que des limites mentales.<\/p>\n<p style=\"text-align: left;\">Cette exp\u00e9rience \u00ab hors du commun \u00bb va changer l\u2019\u00e9tat d\u2019esprit de vos \u00e9quipes, mais aussi r\u00e9pondre \u00e0 l\u2019angoisse, aux doutes, aux incertitudes voire aux peurs accumul\u00e9es depuis plus de 7 mois.<\/p>\n<p style=\"text-align: left;\">L\u2019objectif est de leur donner les outils pour se remobiliser et sortir de ces sentiments n\u00e9gatifs. Pour affronter l\u2019avenir avec de meilleures armes, tant sur un plan professionnel que personnel.<\/p>\n<p style=\"text-align: left;\">Si cette perspective vous s\u00e9duit, discutons-en et essayons de mettre en place la formule la plus adapt\u00e9e \u00e0 votre probl\u00e9matique particuli\u00e8re.<\/p>\n<p style=\"text-align: left;\"><a href=\"https:\/\/www.youtube.com\/watch?v=hbD84QH8fJo\" target=\"_blank\" rel=\"noopener noreferrer\"><strong><u>VOIR LA VIDEO DE PR\u00c9SENTATION<\/u><\/strong><\/a><\/p>\n<\/div>\n<p>&nbsp;<\/p>\n<h1 style=\"text-align: center;\"><span style=\"color: #263299;\"><strong>Studios TV pour \u00e9v\u00e8nements 100% digitaux\u00a0<\/strong><\/span><\/h1>\n<p><img loading=\"lazy\" decoding=\"async\" class=\"aligncenter wp-image-243\" style=\"font-size: 1rem;\" src=\"http:\/\/www.korporate-events.com\/evenement\/wp-content\/uploads\/2020\/11\/Chateauform-studio-.jpg\" alt=\"\" width=\"557\" height=\"402\" srcset=\"http:\/\/www.korporate-events.com\/evenement\/wp-content\/uploads\/2020\/11\/Chateauform-studio-.jpg 785w, http:\/\/www.korporate-events.com\/evenement\/wp-content\/uploads\/2020\/11\/Chateauform-studio--300x217.jpg 300w, http:\/\/www.korporate-events.com\/evenement\/wp-content\/uploads\/2020\/11\/Chateauform-studio--768x555.jpg 768w, http:\/\/www.korporate-events.com\/evenement\/wp-content\/uploads\/2020\/11\/Chateauform-studio--624x451.jpg 624w\" sizes=\"auto, (max-width: 557px) 100vw, 557px\" \/><\/p>\n<p><img loading=\"lazy\" decoding=\"async\" class=\"aligncenter wp-image-244\" src=\"http:\/\/www.korporate-events.com\/evenement\/wp-content\/uploads\/2020\/11\/greenscreen.jpg\" alt=\"\" width=\"563\" height=\"375\" srcset=\"http:\/\/www.korporate-events.com\/evenement\/wp-content\/uploads\/2020\/11\/greenscreen.jpg 800w, http:\/\/www.korporate-events.com\/evenement\/wp-content\/uploads\/2020\/11\/greenscreen-300x200.jpg 300w, http:\/\/www.korporate-events.com\/evenement\/wp-content\/uploads\/2020\/11\/greenscreen-768x512.jpg 768w, http:\/\/www.korporate-events.com\/evenement\/wp-content\/uploads\/2020\/11\/greenscreen-624x416.jpg 624w\" sizes=\"auto, (max-width: 563px) 100vw, 563px\" \/><\/p>\n<p>La crise sanitaire de 2020 ayant \u00e9norm\u00e9ment impact\u00e9 le secteur de l&rsquo;\u00e9v\u00e8nementiel, nous avons donc d\u00fb nous r\u00e9inventer et nous adapter.<\/p>\n<p>C&rsquo;est pourquoi nous vous proposons une s\u00e9lection de studios TV \u00e0 louer pour vos \u00e9v\u00e8nements digitaux enregistr\u00e9s ou en streaming !<\/p>\n<p>Parmi les diff\u00e9rents prestataires avec qui nous travaillons, vous en trouverez pour tous vos go\u00fbts, que ce soit pour un simple studio pouvant accueillir quelques personnes ou des studios plus spacieux \u00e0 d&rsquo;autres proposant des \u00e9v\u00e8nements\u00a0\u00ab\u00a0phygitaux\u00a0\u00bb.<\/p>\n<p>L\u2019exp\u00e9rience digitale ultime consiste \u00e0 r\u00e9aliser votre \u00e9v\u00e9nement depuis une sc\u00e8ne connect\u00e9e (ou un plateau TV). Un pr\u00e9sentateur, une ou plusieurs cam\u00e9ras sur pied, et la possibilit\u00e9 de r\u00e9aliser un montage vid\u00e9o en temps r\u00e9el.<\/p>\n<p>Vous pourrez \u00e9galement profiter de diff\u00e9rentes options : chat en live, sondages, qui permettent de rendre votre \u00e9v\u00e9nement plus interactif en sollicitant l\u2019avis et les interrogations des participants.<\/p>\n<p>Chacun de ces lieux suivant bien entendu un protocole sanitaire strict qui assurera la s\u00e9curit\u00e9 de tous.<\/p>\n<h1 style=\"text-align: center;\"><span style=\"color: #3e4496;\"><strong>Plateforme digitale \u00ab All In One \u00bb\u00a0<\/strong><\/span><\/h1>\n<p><img loading=\"lazy\" decoding=\"async\" class=\"aligncenter wp-image-245\" style=\"font-size: 1rem;\" src=\"http:\/\/www.korporate-events.com\/evenement\/wp-content\/uploads\/2020\/11\/MobileDigitalSolutions.png\" alt=\"\" width=\"558\" height=\"336\" srcset=\"http:\/\/www.korporate-events.com\/evenement\/wp-content\/uploads\/2020\/11\/MobileDigitalSolutions.png 997w, http:\/\/www.korporate-events.com\/evenement\/wp-content\/uploads\/2020\/11\/MobileDigitalSolutions-300x181.png 300w, http:\/\/www.korporate-events.com\/evenement\/wp-content\/uploads\/2020\/11\/MobileDigitalSolutions-768x462.png 768w, http:\/\/www.korporate-events.com\/evenement\/wp-content\/uploads\/2020\/11\/MobileDigitalSolutions-624x376.png 624w\" sizes=\"auto, (max-width: 558px) 100vw, 558px\" \/><\/p>\n<p><img loading=\"lazy\" decoding=\"async\" class=\"aligncenter wp-image-246\" src=\"http:\/\/www.korporate-events.com\/evenement\/wp-content\/uploads\/2020\/11\/Capture-d\u2019\u00e9cran-2020-11-19-\u00e0-10.48.45-184x300.png\" alt=\"\" width=\"205\" height=\"334\" srcset=\"http:\/\/www.korporate-events.com\/evenement\/wp-content\/uploads\/2020\/11\/Capture-d\u2019\u00e9cran-2020-11-19-\u00e0-10.48.45-184x300.png 184w, http:\/\/www.korporate-events.com\/evenement\/wp-content\/uploads\/2020\/11\/Capture-d\u2019\u00e9cran-2020-11-19-\u00e0-10.48.45.png 370w\" sizes=\"auto, (max-width: 205px) 100vw, 205px\" \/><\/p>\n<p><span class=\"font-style-normalText\">\u00ab\u00a0Aux grands maux, les grands rem\u00e8des\u00a0\u00bb, ce diction n&rsquo;a jamais \u00e9t\u00e9 aussi vrai. \u00a0En ces temps de COVID-19, l<\/span>e digital pour vos \u00e9v\u00e8nements live virtuels ou hybrides devient facile.<\/p>\n<p>Engagez vos \u00e9quipes au del\u00e0 d\u2019une simple communication \u00ab\u00a0descendante\u00a0\u00bbavec le live vid\u00e9o et l\u2019application mobile \u00e9v\u00e9nementielle la plus compl\u00e8te du march\u00e9.\u00a0Vous pouvez donc communiquer, animer vos communaut\u00e9s internes et externes pour maintenir le lien, voir informer de votre strat\u00e9gie 2021.<\/p>\n<p>Mais pour ne pas voir son image de marque d\u00e9grad\u00e9e avec l&rsquo;utilisation \u00ab\u00a0artisanale\u00a0\u00bb de Teams, Webex, Zoom, Meet et consort, il faudra probablement communiquer moins mais mieux avec une plateforme \u00e0 votre image et des contenus de qualit\u00e9 qui engagent votre audience durablement.<\/p>\n<p>C\u2019est ce que nous vous proposons avec nos partenaires, au travers d\u2019une plateforme \u00ab\u00a0all in one\u00a0\u00bb robuste et s\u00e9curis\u00e9e qui r\u00e9pondra pleinement \u00e0 vos besoins, et qui virtualisera vos \u00e9v\u00e8nements en\u00a0tout genre (s\u00e9minaires, keynotes, symposiums, conventions d\u2019entreprise&#8230;)<\/p>\n<p>Notre offre : Plateforme Web 100% personnalis\u00e9e \/ Agenda personnalis\u00e9 des participants \/ Prise de RDV \/ Streaming \/ Replay \/ Workshop \/ Mailing \/ Inscription \/ Interactivit\u00e9.<\/p>\n<p style=\"text-align: center;\"><strong>Pour en savoir plus<\/strong><\/p>\n<p style=\"text-align: center;\"><strong>[gravityform id=\u00a0\u00bb26&Prime; title=\u00a0\u00bbfalse\u00a0\u00bb description=\u00a0\u00bbfalse\u00a0\u00bb]<\/strong><\/p>\n<div style=\"text-align: left;\"><\/div>\n<div><\/div>\n","protected":false},"excerpt":{"rendered":"<p>CHANGE EXPERIENCE ll s\u2019agit d\u2019une exp\u00e9rience qui va transformer et changer la vision que vos collaborateurs ont d\u2019eux-m\u00eames. Elle va doper leur capacit\u00e9 \u00e0 se d\u00e9passer, \u00e0 sortir de leur zone de confort pour aller au-del\u00e0 de leurs limites. Avec la situation actuelle que nous vivons, cette exp\u00e9rience les aidera \u00e0 aller plus loin et [&hellip;]<\/p>\n","protected":false},"author":1,"featured_media":0,"parent":0,"menu_order":0,"comment_status":"closed","ping_status":"closed","template":"","meta":{"footnotes":""},"class_list":["post-237","page","type-page","status-publish","hentry"],"_links":{"self":[{"href":"http:\/\/www.korporate-events.com\/evenement\/wp-json\/wp\/v2\/pages\/237","targetHints":{"allow":["GET"]}}],"collection":[{"href":"http:\/\/www.korporate-events.com\/evenement\/wp-json\/wp\/v2\/pages"}],"about":[{"href":"http:\/\/www.korporate-events.com\/evenement\/wp-json\/wp\/v2\/types\/page"}],"author":[{"embeddable":true,"href":"http:\/\/www.korporate-events.com\/evenement\/wp-json\/wp\/v2\/users\/1"}],"replies":[{"embeddable":true,"href":"http:\/\/www.korporate-events.com\/evenement\/wp-json\/wp\/v2\/comments?post=237"}],"version-history":[{"count":19,"href":"http:\/\/www.korporate-events.com\/evenement\/wp-json\/wp\/v2\/pages\/237\/revisions"}],"predecessor-version":[{"id":272,"href":"http:\/\/www.korporate-events.com\/evenement\/wp-json\/wp\/v2\/pages\/237\/revisions\/272"}],"wp:attachment":[{"href":"http:\/\/www.korporate-events.com\/evenement\/wp-json\/wp\/v2\/media?parent=237"}],"curies":[{"name":"wp","href":"https:\/\/api.w.org\/{rel}","templated":true}]}}