{"id":278,"date":"2020-11-26T14:57:57","date_gmt":"2020-11-26T13:57:57","guid":{"rendered":"http:\/\/www.korporate-events.com\/evenement\/?page_id=278"},"modified":"2020-11-27T10:38:49","modified_gmt":"2020-11-27T09:38:49","slug":"animations-a-distance","status":"publish","type":"page","link":"http:\/\/www.korporate-events.com\/evenement\/animations-a-distance\/","title":{"rendered":"Animations \u00e0 distance"},"content":{"rendered":"<h2 style=\"text-align: center;\"><strong>Op\u00e9ration \u00ab\u00a0SPECTRE\u00a0\u00bb<\/strong><\/h2>\n<p><img loading=\"lazy\" decoding=\"async\" class=\" wp-image-274 aligncenter\" src=\"http:\/\/www.korporate-events.com\/evenement\/wp-content\/uploads\/2020\/11\/SWIFT-Cyber-Attack-Update-300x185.jpg\" alt=\"\" width=\"527\" height=\"325\" srcset=\"http:\/\/www.korporate-events.com\/evenement\/wp-content\/uploads\/2020\/11\/SWIFT-Cyber-Attack-Update-300x185.jpg 300w, http:\/\/www.korporate-events.com\/evenement\/wp-content\/uploads\/2020\/11\/SWIFT-Cyber-Attack-Update-768x474.jpg 768w, http:\/\/www.korporate-events.com\/evenement\/wp-content\/uploads\/2020\/11\/SWIFT-Cyber-Attack-Update-1024x632.jpg 1024w, http:\/\/www.korporate-events.com\/evenement\/wp-content\/uploads\/2020\/11\/SWIFT-Cyber-Attack-Update-624x385.jpg 624w, http:\/\/www.korporate-events.com\/evenement\/wp-content\/uploads\/2020\/11\/SWIFT-Cyber-Attack-Update.jpg 1620w\" sizes=\"auto, (max-width: 527px) 100vw, 527px\" \/><\/p>\n<p style=\"text-align: justify;\">L\u2019\u00e9tat-major est en alerte maximum, une cyber attaque d\u2019une ampleur in\u00e9dite vient de se produire il y a une heure !<span class=\"Apple-converted-space\">\u00a0<\/span><\/p>\n<p style=\"text-align: justify;\">Nous vous proposons un Team Building id\u00e9al\u00a0pour ceux qui adorent stimuler leur capacit\u00e9 r\u00e9flexive. L\u2019attaque vise <b>30 villes majeures<\/b> des cinq continents et \u00e9mane de l\u2019association de malfaiteurs appel\u00e9e SPECTRE. Heureusement, nos services ont mis la main sur un document comportant <b>30 \u00e9nigmes<\/b>, chacune correspond \u00e0 une ville attaqu\u00e9e. R\u00e9solvez l\u2019\u00e9nigme et la ville sera sauv\u00e9e !<\/p>\n<p style=\"text-align: justify;\">Logique, cr\u00e9ativit\u00e9, lettres, probl\u00e8mes\u2026 Les \u00e9nigmes sont de nature et de difficult\u00e9 diff\u00e9rentes si bien que chacun pourra, on l\u2019esp\u00e8re, tirer son \u00e9pingle du jeu \u00e0 diff\u00e9rents moment de ce team building sur le th\u00e8me de l\u2019espionnage. De plus, vous pourrez voir le progr\u00e8s des autres \u00e9quipes en live durant le jeu.<\/p>\n<p style=\"text-align: justify;\">Une course contre la montre tr\u00e9pidante pour r\u00e9soudre un maximum d\u2019\u00e9nigmes\u00a0 !<\/p>\n<p style=\"text-align: center;\"><strong style=\"font-size: 1.285714286rem;\">Cours de cuisine<\/strong><\/p>\n<p><img loading=\"lazy\" decoding=\"async\" class=\" wp-image-276 aligncenter\" src=\"http:\/\/www.korporate-events.com\/evenement\/wp-content\/uploads\/2020\/11\/d3af2ef1b23d5bfaed120d5a33934fab558c34c7-300x188.jpeg\" alt=\"\" width=\"532\" height=\"333\" srcset=\"http:\/\/www.korporate-events.com\/evenement\/wp-content\/uploads\/2020\/11\/d3af2ef1b23d5bfaed120d5a33934fab558c34c7-300x188.jpeg 300w, http:\/\/www.korporate-events.com\/evenement\/wp-content\/uploads\/2020\/11\/d3af2ef1b23d5bfaed120d5a33934fab558c34c7-768x480.jpeg 768w, http:\/\/www.korporate-events.com\/evenement\/wp-content\/uploads\/2020\/11\/d3af2ef1b23d5bfaed120d5a33934fab558c34c7-1024x640.jpeg 1024w, http:\/\/www.korporate-events.com\/evenement\/wp-content\/uploads\/2020\/11\/d3af2ef1b23d5bfaed120d5a33934fab558c34c7-624x390.jpeg 624w, http:\/\/www.korporate-events.com\/evenement\/wp-content\/uploads\/2020\/11\/d3af2ef1b23d5bfaed120d5a33934fab558c34c7.jpeg 1920w\" sizes=\"auto, (max-width: 532px) 100vw, 532px\" \/><\/p>\n<p style=\"text-align: justify;\">Nous vous proposons un cours de cuisine \u00e0 distance. Celui-ci peut rapidement \u00eatre transform\u00e9 en\u00a0<b>concours<\/b>\u00a0avec par exemple la mise en valeur de la meilleure pr\u00e9sentation. \u00c7a vous rappelle\u00a0<b>TOP Chef<\/b>\u00a0? Nous aussi !<\/p>\n<p style=\"text-align: justify;\">Le concept : \u00e0 une date donn\u00e9e, les participants re\u00e7oivent chez eux un colis contenant les ingr\u00e9dients n\u00e9cessaires \u00e0 l\u2019activit\u00e9. A une heure donn\u00e9e ils se connectent en visio \u00e0 une plateforme enti\u00e8rement personnalis\u00e9e. L\u00e0 un animateur sp\u00e9cialis\u00e9 explique et anime la s\u00e9ance. Une fois la recette termin\u00e9e, les participants n\u2019ont plus qu\u2019\u00e0 d\u00e9guster et commenter leur cr\u00e9ation en compagnie, virtuelle mais n\u00e9anmoins conviviale, de leurs coll\u00e8gues.<\/p>\n<p style=\"text-align: justify;\">Ce genre d\u2019activit\u00e9 \u00e0 distance engagera vos collaborateurs, boostera leur productivit\u00e9 et leur permettra d\u2019entretenir de bonnes relations avec leurs coll\u00e8gues.<\/p>\n<p style=\"text-align: justify;\">Des alternatives existent comme la<b>\u00a0cuisine Z\u00e9ro D\u00e9chet<\/b>\u00a0si vous souhaitez une animation RSE, ou la<b>\u00a0cuisine de fleurs<\/b>\u00a0si vous voulez mettre le bouquet. Vous recherchez une animation au go\u00fbt de No\u00ebl ? L\u2019atelier\u00a0<b>Construction maison en pain d\u2019\u00e9pices<\/b>\u00a0a toujours \u00e9t\u00e9 salu\u00e9 !<\/p>\n<h2 style=\"text-align: center;\"><strong>Team Building \u00ab\u00a0Do It Yourself\u00a0\u00bb<\/strong><\/h2>\n<p><img loading=\"lazy\" decoding=\"async\" class=\" wp-image-279 alignnone aligncenter\" src=\"http:\/\/www.korporate-events.com\/evenement\/wp-content\/uploads\/2020\/11\/atelier-parfum-300x210.png\" alt=\"\" width=\"514\" height=\"360\" srcset=\"http:\/\/www.korporate-events.com\/evenement\/wp-content\/uploads\/2020\/11\/atelier-parfum-300x210.png 300w, http:\/\/www.korporate-events.com\/evenement\/wp-content\/uploads\/2020\/11\/atelier-parfum-624x437.png 624w, http:\/\/www.korporate-events.com\/evenement\/wp-content\/uploads\/2020\/11\/atelier-parfum.png 642w\" sizes=\"auto, (max-width: 514px) 100vw, 514px\" \/><\/p>\n<p style=\"text-align: justify;\">Dans la cat\u00e9gorie atelier Do It Yourself, nous pouvons vous proposer de multiples options. La plus populaire dans les \u00e9v\u00e9nements classiques : l\u2019<b>atelier cr\u00e9ation de parfums<\/b>. Cela permet \u00e0 l\u2019entreprise de divertir ses salari\u00e9s tout en leur offrant un souvenir. Un\u00a0<b>cadeau de No\u00ebl<\/b>\u00a0en avance !<span class=\"Apple-converted-space\">\u00a0<\/span><\/p>\n<p style=\"text-align: justify;\">Mais ce n\u2019est pas votre seule option. Nous pouvons aussi vous proposer des ateliers de<b>\u00a0personnalisation de basket <\/b>ou encore de\u00a0<b>fabrication de peluches<\/b>. Et m\u00eame tenir compte du fait que la prise de conscience concernant le 0 d\u00e9chet est une tendance forte. Et ainsi apprendre aux participants \u00e0 fabriquer un ou deux produits parmi un choix de 5 (Lessive, Gel Douche, Mousse \u00e0 raser, D\u00e9odorant et Dentifrice).<\/p>\n<p style=\"text-align: justify;\">Toutes les options sont possibles, contactez-nous pour que nous d\u00e9terminions ensemble la bonne animation en fonction de votre cible et de vos besoins.<\/p>\n<h2 style=\"text-align: center;\"><strong>Cluedo Sp\u00e9cial \u00ab\u00a0Meurtre en cuisine\u00a0\u00bb<\/strong><\/h2>\n<p><img loading=\"lazy\" decoding=\"async\" class=\" wp-image-302 aligncenter\" src=\"http:\/\/www.korporate-events.com\/evenement\/wp-content\/uploads\/2020\/11\/Capture-d\u2019\u00e9cran-2020-11-27-\u00e0-10.29.44-252x300.png\" alt=\"\" width=\"345\" height=\"411\" srcset=\"http:\/\/www.korporate-events.com\/evenement\/wp-content\/uploads\/2020\/11\/Capture-d\u2019\u00e9cran-2020-11-27-\u00e0-10.29.44-252x300.png 252w, http:\/\/www.korporate-events.com\/evenement\/wp-content\/uploads\/2020\/11\/Capture-d\u2019\u00e9cran-2020-11-27-\u00e0-10.29.44-624x744.png 624w, http:\/\/www.korporate-events.com\/evenement\/wp-content\/uploads\/2020\/11\/Capture-d\u2019\u00e9cran-2020-11-27-\u00e0-10.29.44.png 715w\" sizes=\"auto, (max-width: 345px) 100vw, 345px\" \/><\/p>\n<p>Breaking News ! Un grand chef \u00e9toil\u00e9 a \u00e9t\u00e9 retrouv\u00e9 mort dans son restaurant. Les services de la police judiciaire viennent de s\u2019emparer de l\u2019affaire et la pression m\u00e9diatique exige une r\u00e9solution rapide.<\/p>\n<p style=\"text-align: justify;\">R\u00e9partis en \u00e9quipes de 5 personnes, les participants vont devoir <b>mener l\u2019enqu\u00eate<\/b> sous la direction d\u2019un meneur de jeu, en alternant des \u00e9preuves de r\u00e9flexion <b>(r\u00e9solution d\u2019\u00e9nigmes, \u00e9tude de documents, interrogatoires de suspects\u2026)<\/b> et des \u00e9preuves fun <b>(quiz th\u00e9matiques, d\u00e9fis culinaires\u2026)<\/b> leur permettant de gagner de pr\u00e9cieux indices et ainsi venir \u00e0 bout de cette affaire.<\/p>\n<p style=\"text-align: justify;\">Une grande enqu\u00eate pleine de rythme et de rebondissements, \u00e0 la m\u00e9canique 100% adapt\u00e9e au mode distanciel !<\/p>\n<h3 style=\"text-align: center;\"><strong><em>Et d&rsquo;autres activit\u00e9s comme :\u00a0<\/em><\/strong><\/h3>\n<h2 style=\"text-align: center;\"><strong>Atelier \u00ab\u00a0RSE\u00a0\u00bb\u00a0<\/strong><\/h2>\n<p style=\"text-align: justify;\">L\u2019\u00e9cologie est l\u2019une des valeurs de votre entreprise ?\u00a0<b>Sensibilisez vos salari\u00e9s<\/b>\u00a0\u00e0 vos engagements RSE avec une animation en ad\u00e9quation. Nous pouvons par exemple vous proposer un atelier construction de mini-\u00e9olienne, ou encore un atelier\u00a0<b>cr\u00e9ation de bijoux v\u00e9g\u00e9taux<\/b>.<\/p>\n<h2 style=\"text-align: center;\"><strong>Atelier \u00ab\u00a0Cheeeese \u00bb<\/strong><\/h2>\n<p style=\"text-align: justify;\">Un joyeux team building de d\u00e9gustation de fromages en distanciel !<span class=\"Apple-converted-space\">\u00a0<\/span>Cet atelier de Cheese Building a \u00e9t\u00e9 con\u00e7u pour \u00eatre<b> ludique, \u00e9ducative et chaleureux. <\/b>Vos \u00e9quipes se retrouvent en ligne, fromages en main, pour un moment d\u2019\u00e9quipe privil\u00e9gi\u00e9 et convivial.<span class=\"Apple-converted-space\">\u00a0<\/span><\/p>\n<h2 style=\"text-align: center;\"><strong>Atelier Vert \u00ab\u00a0Kokedama\u00a0\u00bb<\/strong><\/h2>\n<p>Cet atelier kokedama \u00e0 distance est un <b>teambuilding floral <\/b>que nous animons pour vous \u00e0 distance. Un atelier \u00ab\u00a0green\u00a0\u00bb tr\u00e8s ressour\u00e7ant, \u00e0 poser ou \u00e0 suspendre.<\/p>\n<p style=\"text-align: center;\"><strong style=\"font-size: 1.285714286rem;\">Les bulles inspirantes<\/strong><\/p>\n<p style=\"text-align: justify;\">Cette formation \u00ab\u00a0capsules inspirantes\u00a0\u00bb \u00e0 distance a \u00e9t\u00e9 pens\u00e9e pour vous afin d\u2019<b>\u00e9veiller vos \u00e9quipes sur des sujets d\u2019actualit\u00e9s en apportant un nouveau souffle \u00e0 vos r\u00e9unions<\/b>. Les collaborateurs seront enthousiastes<b>\u00a0<\/b>\u00e0 l\u2019id\u00e9e de participer et d\u2019aborder des sujets inspirants avec des\u00a0<b>intervenants certifi\u00e9s. <\/b>3\u00a0th\u00e9matiques\u00a0s&rsquo;offrent \u00e0 vous : <strong>les r\u00e9seaux sociaux, la RSE et le d\u00e9veloppement personnel.<\/strong><\/p>\n<h2 style=\"text-align: center;\"><strong>Le challenge des \u00ab\u00a05 sens\u00a0\u00bb<\/strong><\/h2>\n<p style=\"text-align: justify;\">Stimuler les 5 sens de vos collaborateurs, c\u2019est \u00eatre certain de rester dans leur bon souvenir. Pour cela, nous avons la prestation \u00e9v\u00e9nementielle id\u00e9ale : le challenge des 5 sens \u00a0qui est une \u00e9preuve ludique pour tester vos sens.<\/p>\n<h2 style=\"text-align: center;\"><strong>Concours cr\u00e9ation de \u00ab\u00a0Pull Moche\u00a0\u00bb<\/strong><\/h2>\n<p style=\"text-align: justify;\">L\u2019animation\u00a0<b>Cr\u00e9ation de Pull Moche<\/b>\u00a0est un vrai classique de No\u00ebl. C\u2019est pour cela que nous avons tout de suite d\u00e9cid\u00e9 de la rendre accessible et ce,\u00a0<b>m\u00eame en t\u00e9l\u00e9travail<\/b>\u00a0! La box que vos salari\u00e9s recevront sera remplie avec l\u2019essentiel pour cette animation originale, surtout pour votre Arbre de No\u00ebl d\u2019entreprise.<span class=\"Apple-converted-space\">\u00a0<\/span><\/p>\n<h2 style=\"text-align: center;\"><strong>Cr\u00e9ation de cocktails<\/strong><\/h2>\n<p>On ne va pas se mentir, l\u2019\u00e9v\u00e9nementiel c\u2019est un bon moment de partage mais c\u2019est aussi un\u00a0<b>bon moment pour\u2026 trinquer<\/b>\u00a0!\u00a0Permettez \u00e0 vos salari\u00e9s de continuer de le faire ensemble avec une animation\u00a0<b>cr\u00e9ation de cocktail<\/b>.<\/p>\n<h2 style=\"text-align: center;\"><strong>D\u00e9fi hacker : un intrus au bureau\u00a0<\/strong><\/h2>\n<p style=\"text-align: justify;\">Cet escape game personnalis\u00e9 (le sc\u00e9nario se passe dans vos bureaux, avec vos logos, \u00e9quipes\u2026) vous permet de retrouver vos collaborateurs en ligne pour une aventure tr\u00e8s r\u00e9aliste par \u00e9quipe.\u00a0Le sc\u00e9nario ? Vous allez enqu\u00eater pour retrouver qui a \u00e9t\u00e9 p\u00e9n\u00e9tr\u00e9 en pleine nuit dans vos bureaux ! Mi enqu\u00eateur, mi-hacker, vous allez d\u00e9coder une succession d\u2019\u00e9nigmes !<\/p>\n<h2 style=\"text-align: center;\"><strong>La Box \u00ab\u00a0D\u00e9gustation de Vin\u00a0\u00bb<\/strong><\/h2>\n<p style=\"text-align: justify;\">Les animations \u0153nologie ont toujours \u00e9t\u00e9 particuli\u00e8rement appr\u00e9ci\u00e9es, que ce soit en pr\u00e9sentiel ou en digital. Vos collaborateurs ne feront pas exception !<span class=\"Apple-converted-space\">\u00a0Nous vous proposons donc une\u00a0d\u00e9gustation de vin \u00e0\u00a0<\/span>distance.<\/p>\n<h2 style=\"text-align: center;\"><strong>Digi\u2019Quiz<\/strong><\/h2>\n<p style=\"text-align: justify;\">Rassemblez vos collaborateurs \u00ab chez eux ou ailleurs \u00bb avec ce grand classique de l\u2019animation r\u00e9adapt\u00e9 selon les contraintes du distanciel, pour une ambiance toute aussi survolt\u00e9e !\u00a0Au programme, des blind-tests, des r\u00e9pliques de films, des faits insolites et des anecdotes farfelues r\u00e9partis en plusieurs sessions de jeu qui s\u2019encha\u00eenent \u00e0 un rythme effr\u00e9n\u00e9.<\/p>\n<h2 style=\"text-align: center;\"><strong>Enqu\u00eate Police Scientifique<\/strong><\/h2>\n<p style=\"text-align: justify;\">Vos invit\u00e9s doivent r\u00e9soudre moins de 45min une affaire inspir\u00e9e de faits r\u00e9els, en utilisant les m\u00e9thodes de recherche et d\u2019analyse des plus grands laboratoires scientifiques.<\/p>\n<h2 style=\"text-align: center;\"><strong>Escape Game \u00ab\u00a0La Casa de Papel\u00a0\u00bb<\/strong><\/h2>\n<p style=\"text-align: justify;\">Inspir\u00e9 de la s\u00e9rie t\u00e9l\u00e9, cet escape game \u00e0 distance vous permet de retrouver vos \u00e9quipes en ligne pour une aventure fun et hyper r\u00e9aliste. Nous pouvons animer cet escape game \u00e0 distance pour 10 \u00e0 1000 personnes, par \u00e9quipe de 5 joueurs (avec ma\u00eetres du jeu en support).<span class=\"Apple-converted-space\">\u00a0 <\/span><\/p>\n<h2 style=\"text-align: center;\"><strong>Initiation Magie<\/strong><\/h2>\n<p style=\"text-align: justify;\">Tout le monde appr\u00e9cie la<b>\u00a0magie de No\u00ebl<\/b>.\u00a0 Offrez-l\u00e0 \u00e0 vos collaborateurs et leur<b>\u00a0famille<\/b>\u00a0avec notre animation magie \u00e0 distance.\u00a0Avec une initiation par un professionnel au tours qui font mouche, vous saurez\u00a0<b>impressionner vos salari\u00e9s<\/b>\u00a0et leurs proches.<span class=\"Apple-converted-space\">\u00a0<\/span><\/p>\n<h2 style=\"text-align: center;\"><strong>Mission Monde<\/strong><\/h2>\n<p style=\"text-align: justify;\">Parcourez le monde dans ce rallye virtuel de 10 escales. Chaque \u00e9tape est une \u00e9nigme \u00e0 r\u00e9soudre en \u00e9quipe avec un seul but : rejoindre le rendez-vous virtuel final et gagner aux points!\u00a0Chaque \u00e9nigme m\u00e8ne \u00e0 une grande ville myst\u00e8re de la plan\u00e8te.<\/p>\n<h2 style=\"text-align: center;\"><strong>La Bo\u00eete \u00e0 Enigmes<\/strong><\/h2>\n<p style=\"text-align: justify;\">S\u00e9par\u00e9s mais ensemble ! La Bo\u00eete \u00e0 \u00e9nigmes resserre les liens en proposant une visio avec des \u00e9quipes de joueurs. Les challenges sont relev\u00e9s \u00e0 plusieurs ! L&rsquo;animatrice en visio m\u00e8ne le jeu et publie les photos myst\u00e8res.<\/p>\n<h2 style=\"text-align: center;\"><strong>Visio Quiz<\/strong><\/h2>\n<p style=\"text-align: justify;\">T\u00e9l\u00e9travail, confinement\u2026 Mille raisons pour se r\u00e9unir, se \u00ab\u00a0voir\u00a0\u00bb, et jouer ensemble ! <b>Le Visio Quiz vous met sur la sellette, rel\u00e8verez-vous le d\u00e9fi ?\u00a0<\/b>Elle se d\u00e9cline d\u00e9sormais en visio pour rassembler les collaborateurs et maintenir la force d&rsquo;une \u00e9quipe.<\/p>\n<h2 style=\"text-align: center;\"><strong>Team Building \u00ab\u00a0Cyber Attaque\u00a0\u00bb<\/strong><\/h2>\n<p style=\"text-align: justify;\">Ce team building \u00e0 distance Cyber Attaque permet \u00e0 vos \u00e9quipes de partir \u00e0 la poursuite des hackers et de les arr\u00eater. Les \u00e9quipes \u00e9voluent parall\u00e8lement par 5, accompagn\u00e9s par des game masters complices.<span class=\"Apple-converted-space\">\u00a0\u00a0<\/span>Le sc\u00e9nario ? Les Nemos, ce groupe de hackers si redoutable, s\u2019appr\u00eate \u00e0 hacker le syst\u00e8me informatique de votre entreprise.<span class=\"Apple-converted-space\">\u00a0<\/span><\/p>\n<p><span style=\"font-size: 1rem;\">[gravityform id=\u00a0\u00bb27&Prime; title=\u00a0\u00bbfalse\u00a0\u00bb description=\u00a0\u00bbfalse\u00a0\u00bb]<\/span><\/p>\n<p>&nbsp;<\/p>\n","protected":false},"excerpt":{"rendered":"<p>Op\u00e9ration \u00ab\u00a0SPECTRE\u00a0\u00bb L\u2019\u00e9tat-major est en alerte maximum, une cyber attaque d\u2019une ampleur in\u00e9dite vient de se produire il y a une heure !\u00a0 Nous vous proposons un Team Building id\u00e9al\u00a0pour ceux qui adorent stimuler leur capacit\u00e9 r\u00e9flexive. L\u2019attaque vise 30 villes majeures des cinq continents et \u00e9mane de l\u2019association de malfaiteurs appel\u00e9e SPECTRE. Heureusement, nos [&hellip;]<\/p>\n","protected":false},"author":1,"featured_media":0,"parent":0,"menu_order":0,"comment_status":"closed","ping_status":"closed","template":"","meta":{"footnotes":""},"class_list":["post-278","page","type-page","status-publish","hentry"],"_links":{"self":[{"href":"http:\/\/www.korporate-events.com\/evenement\/wp-json\/wp\/v2\/pages\/278","targetHints":{"allow":["GET"]}}],"collection":[{"href":"http:\/\/www.korporate-events.com\/evenement\/wp-json\/wp\/v2\/pages"}],"about":[{"href":"http:\/\/www.korporate-events.com\/evenement\/wp-json\/wp\/v2\/types\/page"}],"author":[{"embeddable":true,"href":"http:\/\/www.korporate-events.com\/evenement\/wp-json\/wp\/v2\/users\/1"}],"replies":[{"embeddable":true,"href":"http:\/\/www.korporate-events.com\/evenement\/wp-json\/wp\/v2\/comments?post=278"}],"version-history":[{"count":18,"href":"http:\/\/www.korporate-events.com\/evenement\/wp-json\/wp\/v2\/pages\/278\/revisions"}],"predecessor-version":[{"id":374,"href":"http:\/\/www.korporate-events.com\/evenement\/wp-json\/wp\/v2\/pages\/278\/revisions\/374"}],"wp:attachment":[{"href":"http:\/\/www.korporate-events.com\/evenement\/wp-json\/wp\/v2\/media?parent=278"}],"curies":[{"name":"wp","href":"https:\/\/api.w.org\/{rel}","templated":true}]}}