{"id":414,"date":"2021-09-03T15:57:39","date_gmt":"2021-09-03T14:57:39","guid":{"rendered":"http:\/\/www.korporate-events.com\/evenement\/?page_id=414"},"modified":"2021-09-13T16:45:03","modified_gmt":"2021-09-13T15:45:03","slug":"vos-evenements-de-rentree-2021","status":"publish","type":"page","link":"http:\/\/www.korporate-events.com\/evenement\/vos-evenements-de-rentree-2021\/","title":{"rendered":"Vos \u00e9v\u00e8nements de rentr\u00e9e 2021"},"content":{"rendered":"<h1 style=\"text-align: center;\"><strong>La vie en entreprise reprend petit \u00e0 petit et nous en sommes ravis !<\/strong><\/h1>\n<p><img decoding=\"async\" class=\"oCCRx aligncenter\" src=\"https:\/\/images.unsplash.com\/photo-1582213782179-e0d53f98f2ca?ixid=MnwxMjA3fDB8MHxwaG90by1wYWdlfHx8fGVufDB8fHx8&amp;ixlib=rb-1.2.1&amp;auto=format&amp;fit=crop&amp;w=1000&amp;q=80\" sizes=\"(max-width: 767px) 100vw, (max-width: 532px) 500px, (max-height: 614px) 500px, (min-aspect-ratio: 5040\/3360) calc((calc(100vh - 280px)) * 1.5), calc(100vw - 32px)\" srcset=\"https:\/\/images.unsplash.com\/photo-1582213782179-e0d53f98f2ca?ixid=MnwxMjA3fDB8MHxwaG90by1wYWdlfHx8fGVufDB8fHx8&amp;ixlib=rb-1.2.1&amp;auto=format&amp;fit=crop&amp;w=750&amp;q=80 750w, https:\/\/images.unsplash.com\/photo-1582213782179-e0d53f98f2ca?ixid=MnwxMjA3fDB8MHxwaG90by1wYWdlfHx8fGVufDB8fHx8&amp;ixlib=rb-1.2.1&amp;auto=format&amp;fit=crop&amp;w=1050&amp;q=80 1050w, https:\/\/images.unsplash.com\/photo-1582213782179-e0d53f98f2ca?ixid=MnwxMjA3fDB8MHxwaG90by1wYWdlfHx8fGVufDB8fHx8&amp;ixlib=rb-1.2.1&amp;auto=format&amp;fit=crop&amp;w=1350&amp;q=80 1350w, https:\/\/images.unsplash.com\/photo-1582213782179-e0d53f98f2ca?ixid=MnwxMjA3fDB8MHxwaG90by1wYWdlfHx8fGVufDB8fHx8&amp;ixlib=rb-1.2.1&amp;auto=format&amp;fit=crop&amp;w=1500&amp;q=80 1500w, https:\/\/images.unsplash.com\/photo-1582213782179-e0d53f98f2ca?ixid=MnwxMjA3fDB8MHxwaG90by1wYWdlfHx8fGVufDB8fHx8&amp;ixlib=rb-1.2.1&amp;auto=format&amp;fit=crop&amp;w=1650&amp;q=80 1650w, https:\/\/images.unsplash.com\/photo-1582213782179-e0d53f98f2ca?ixid=MnwxMjA3fDB8MHxwaG90by1wYWdlfHx8fGVufDB8fHx8&amp;ixlib=rb-1.2.1&amp;auto=format&amp;fit=crop&amp;w=1950&amp;q=80 1950w, https:\/\/images.unsplash.com\/photo-1582213782179-e0d53f98f2ca?ixid=MnwxMjA3fDB8MHxwaG90by1wYWdlfHx8fGVufDB8fHx8&amp;ixlib=rb-1.2.1&amp;auto=format&amp;fit=crop&amp;w=2100&amp;q=80 2100w, https:\/\/images.unsplash.com\/photo-1582213782179-e0d53f98f2ca?ixid=MnwxMjA3fDB8MHxwaG90by1wYWdlfHx8fGVufDB8fHx8&amp;ixlib=rb-1.2.1&amp;auto=format&amp;fit=crop&amp;w=2250&amp;q=80 2250w, https:\/\/images.unsplash.com\/photo-1582213782179-e0d53f98f2ca?ixid=MnwxMjA3fDB8MHxwaG90by1wYWdlfHx8fGVufDB8fHx8&amp;ixlib=rb-1.2.1&amp;auto=format&amp;fit=crop&amp;w=2550&amp;q=80 2550w, https:\/\/images.unsplash.com\/photo-1582213782179-e0d53f98f2ca?ixid=MnwxMjA3fDB8MHxwaG90by1wYWdlfHx8fGVufDB8fHx8&amp;ixlib=rb-1.2.1&amp;auto=format&amp;fit=crop&amp;w=2700&amp;q=80 2700w, https:\/\/images.unsplash.com\/photo-1582213782179-e0d53f98f2ca?ixid=MnwxMjA3fDB8MHxwaG90by1wYWdlfHx8fGVufDB8fHx8&amp;ixlib=rb-1.2.1&amp;auto=format&amp;fit=crop&amp;w=2850&amp;q=80 2850w, https:\/\/images.unsplash.com\/photo-1582213782179-e0d53f98f2ca?ixid=MnwxMjA3fDB8MHxwaG90by1wYWdlfHx8fGVufDB8fHx8&amp;ixlib=rb-1.2.1&amp;auto=format&amp;fit=crop&amp;w=3150&amp;q=80 3150w, https:\/\/images.unsplash.com\/photo-1582213782179-e0d53f98f2ca?ixid=MnwxMjA3fDB8MHxwaG90by1wYWdlfHx8fGVufDB8fHx8&amp;ixlib=rb-1.2.1&amp;auto=format&amp;fit=crop&amp;w=3300&amp;q=80 3300w, https:\/\/images.unsplash.com\/photo-1582213782179-e0d53f98f2ca?ixid=MnwxMjA3fDB8MHxwaG90by1wYWdlfHx8fGVufDB8fHx8&amp;ixlib=rb-1.2.1&amp;auto=format&amp;fit=crop&amp;w=3450&amp;q=80 3450w, https:\/\/images.unsplash.com\/photo-1582213782179-e0d53f98f2ca?ixid=MnwxMjA3fDB8MHxwaG90by1wYWdlfHx8fGVufDB8fHx8&amp;ixlib=rb-1.2.1&amp;auto=format&amp;fit=crop&amp;w=3750&amp;q=80 3750w, https:\/\/images.unsplash.com\/photo-1582213782179-e0d53f98f2ca?ixid=MnwxMjA3fDB8MHxwaG90by1wYWdlfHx8fGVufDB8fHx8&amp;ixlib=rb-1.2.1&amp;auto=format&amp;fit=crop&amp;w=3900&amp;q=80 3900w, https:\/\/images.unsplash.com\/photo-1582213782179-e0d53f98f2ca?ixid=MnwxMjA3fDB8MHxwaG90by1wYWdlfHx8fGVufDB8fHx8&amp;ixlib=rb-1.2.1&amp;auto=format&amp;fit=crop&amp;w=4050&amp;q=80 4050w, https:\/\/images.unsplash.com\/photo-1582213782179-e0d53f98f2ca?ixid=MnwxMjA3fDB8MHxwaG90by1wYWdlfHx8fGVufDB8fHx8&amp;ixlib=rb-1.2.1&amp;auto=format&amp;fit=crop&amp;w=4350&amp;q=80 4350w, https:\/\/images.unsplash.com\/photo-1582213782179-e0d53f98f2ca?ixid=MnwxMjA3fDB8MHxwaG90by1wYWdlfHx8fGVufDB8fHx8&amp;ixlib=rb-1.2.1&amp;auto=format&amp;fit=crop&amp;w=4500&amp;q=80 4500w, https:\/\/images.unsplash.com\/photo-1582213782179-e0d53f98f2ca?ixid=MnwxMjA3fDB8MHxwaG90by1wYWdlfHx8fGVufDB8fHx8&amp;ixlib=rb-1.2.1&amp;auto=format&amp;fit=crop&amp;w=4650&amp;q=80 4650w, https:\/\/images.unsplash.com\/photo-1582213782179-e0d53f98f2ca?ixid=MnwxMjA3fDB8MHxwaG90by1wYWdlfHx8fGVufDB8fHx8&amp;ixlib=rb-1.2.1&amp;auto=format&amp;fit=crop&amp;w=4950&amp;q=80 4950w, https:\/\/images.unsplash.com\/photo-1582213782179-e0d53f98f2ca?ixid=MnwxMjA3fDB8MHxwaG90by1wYWdlfHx8fGVufDB8fHx8&amp;ixlib=rb-1.2.1&amp;auto=format&amp;fit=crop&amp;w=5040&amp;q=80 5040w\" alt=\"person in red sweater holding babys hand\" \/><\/p>\n<p style=\"text-align: center;\">D\u00e9couvrez d\u00e8s \u00e0 pr\u00e9sent notre choix de soir\u00e9es, nos s\u00e9minaires avec ou sans activit\u00e9 team building et nos intervenants de haut-vol.<\/p>\n<div id=\"gform_wrapper_29\" class=\"gf_browser_safari gform_wrapper\">\n<p style=\"text-align: left;\">[gravityform id=\u00a0\u00bb30&Prime; title=\u00a0\u00bbtrue\u00a0\u00bb description=\u00a0\u00bbtrue\u00a0\u00bb]<\/p>\n<\/div>\n","protected":false},"excerpt":{"rendered":"<p>La vie en entreprise reprend petit \u00e0 petit et nous en sommes ravis ! D\u00e9couvrez d\u00e8s \u00e0 pr\u00e9sent notre choix de soir\u00e9es, nos s\u00e9minaires avec ou sans activit\u00e9 team building et nos intervenants de haut-vol. [gravityform id=\u00a0\u00bb30&Prime; title=\u00a0\u00bbtrue\u00a0\u00bb description=\u00a0\u00bbtrue\u00a0\u00bb]<\/p>\n","protected":false},"author":1,"featured_media":0,"parent":0,"menu_order":0,"comment_status":"closed","ping_status":"closed","template":"","meta":{"footnotes":""},"class_list":["post-414","page","type-page","status-publish","hentry"],"_links":{"self":[{"href":"http:\/\/www.korporate-events.com\/evenement\/wp-json\/wp\/v2\/pages\/414","targetHints":{"allow":["GET"]}}],"collection":[{"href":"http:\/\/www.korporate-events.com\/evenement\/wp-json\/wp\/v2\/pages"}],"about":[{"href":"http:\/\/www.korporate-events.com\/evenement\/wp-json\/wp\/v2\/types\/page"}],"author":[{"embeddable":true,"href":"http:\/\/www.korporate-events.com\/evenement\/wp-json\/wp\/v2\/users\/1"}],"replies":[{"embeddable":true,"href":"http:\/\/www.korporate-events.com\/evenement\/wp-json\/wp\/v2\/comments?post=414"}],"version-history":[{"count":5,"href":"http:\/\/www.korporate-events.com\/evenement\/wp-json\/wp\/v2\/pages\/414\/revisions"}],"predecessor-version":[{"id":420,"href":"http:\/\/www.korporate-events.com\/evenement\/wp-json\/wp\/v2\/pages\/414\/revisions\/420"}],"wp:attachment":[{"href":"http:\/\/www.korporate-events.com\/evenement\/wp-json\/wp\/v2\/media?parent=414"}],"curies":[{"name":"wp","href":"https:\/\/api.w.org\/{rel}","templated":true}]}}