{"id":421,"date":"2021-12-29T16:51:42","date_gmt":"2021-12-29T15:51:42","guid":{"rendered":"http:\/\/www.korporate-events.com\/evenement\/?page_id=421"},"modified":"2022-01-20T16:51:35","modified_gmt":"2022-01-20T15:51:35","slug":"vos-evenements-digitaux-2022","status":"publish","type":"page","link":"http:\/\/www.korporate-events.com\/evenement\/vos-evenements-digitaux-2022\/","title":{"rendered":"Vos \u00e9v\u00e8nements digitaux 2022"},"content":{"rendered":"<h1 style=\"text-align: center;\"><strong>Escape Game \u00ab\u00a0Vol au Mus\u00e9e du Louvre\u00a0\u00bb<\/strong><\/h1>\n<p style=\"text-align: justify;\"><img loading=\"lazy\" decoding=\"async\" class=\"image-preview__image aligncenter\" src=\"https:\/\/www.francetvinfo.fr\/image\/754twwlzh-d5f0\/1500\/843\/5384127.jpg\" alt=\"Mus\u00e9e du Louvre : les secrets de son budget\" width=\"486\" height=\"272\" data-v-be5dde3e=\"\" data-test-src=\"https:\/\/www.francetvinfo.fr\/image\/754twwlzh-d5f0\/1500\/843\/5384127.jpg\" data-test-id=\"image-preview-image\" data-src=\"https:\/\/www.francetvinfo.fr\/image\/754twwlzh-d5f0\/1500\/843\/5384127.jpg\" \/><\/p>\n<p style=\"text-align: justify;\">Ce Team Building en ligne vous permet une exp\u00e9rience immersive sans contraintes \u00ab\u00a0physiques\u00a0\u00bb.\u00a0Le principe\u00a0? R\u00e9soudre en un temps donn\u00e9 le myst\u00e8re qui entoure un vol ayant lieu au Mus\u00e9e du Louvre.<\/p>\n<div class=\"page\" title=\"Page 32\">\n<div class=\"section\">\n<div class=\"layoutArea\">\n<div class=\"column\">\n<p><strong>Le d\u00e9roul\u00e9 :<\/strong><\/p>\n<ul>\n<li>Les participants constituent des \u00e9quipes de 2 \u00e0 6 joueurs. L\u2019animation peut contenir jusqu\u2019\u00e0 500 joueurs en simultan\u00e9.<\/li>\n<li>Les membres de chaque \u00e9quipe sont r\u00e9unis et \u00e9changent via visioconf\u00e9rence.<\/li>\n<\/ul>\n<\/div>\n<\/div>\n<\/div>\n<\/div>\n<h1 style=\"text-align: center;\"><strong>Grand Quiz\u00a0Digital<\/strong><\/h1>\n<p><img loading=\"lazy\" decoding=\"async\" class=\"image-preview__image aligncenter\" src=\"http:\/\/www.weeklyquiz.co.uk\/wp-content\/uploads\/2017\/09\/buzzer.jpg\" alt=\"Corporate Quiz Night - Fantastic Entertainment - Exclusive ...\" width=\"400\" height=\"267\" data-v-be5dde3e=\"\" data-test-src=\"http:\/\/www.weeklyquiz.co.uk\/wp-content\/uploads\/2017\/09\/buzzer.jpg\" data-test-id=\"image-preview-image\" data-src=\"http:\/\/www.weeklyquiz.co.uk\/wp-content\/uploads\/2017\/09\/buzzer.jpg\" \/><\/p>\n<p><b>L\u2019animateur encha\u00eene les questions<\/b> et propose des \u00e9preuves vari\u00e9es en fonction de vos demandes : Blind-test ou questions farfelues, notre grand quiz online est flexible \u00e0 volont\u00e9. La tension monte, les scores \u00e9voluent, bonus et malus fusent : <b>tout peut basculer !<\/b><\/p>\n<p><strong>Le d\u00e9roul\u00e9 :<\/strong><\/p>\n<ul>\n<li>L\u2019animation simple \u00e0 mettre en place fonctionne encore mieux en ligne ! Les joueurs se sentent comme participants d\u2019un jeu TV pendant 1h, o\u00f9 l\u2019animateur interagit directement avec eux.<\/li>\n<li>Divisible en plusieurs temps de jeux et adaptable \u00e0 toutes vos envies, notre quiz vous garantie une ambiance survolt\u00e9e gr\u00e2ce \u00e0 une course aux points continue !<\/li>\n<li>Gr\u00e2ce \u00e0 notre solution propri\u00e9taire, le quiz est 100% personnalisable et hyper facile d\u2019utilisation : il int\u00e8gre le streaming de l\u2019animateur, le tchat et le leaderboard en direct qui challenge les candidats qui veulent grapiller le plus de points en \u00e9quipe. G\u00e9ant !<\/li>\n<\/ul>\n<h1 style=\"text-align: center;\"><strong>Treasure Island<\/strong><\/h1>\n<p style=\"text-align: justify;\"><img loading=\"lazy\" decoding=\"async\" class=\"image-preview__image aligncenter\" src=\"https:\/\/media.istockphoto.com\/photos\/treasure-map-picture-id1154634349?k=6&amp;m=1154634349&amp;s=612x612&amp;w=0&amp;h=iSGqQGqrCaOepiGzqVoczEWtPW2RtTuBdiP8OyyhpQ0=\" alt=\"Treasure Hunt Stock Photos, Pictures &amp;amp; Royalty-Free Images ...\" width=\"531\" height=\"354\" data-v-be5dde3e=\"\" data-test-src=\"https:\/\/media.istockphoto.com\/photos\/treasure-map-picture-id1154634349?k=6&amp;m=1154634349&amp;s=612x612&amp;w=0&amp;h=iSGqQGqrCaOepiGzqVoczEWtPW2RtTuBdiP8OyyhpQ0=\" data-test-id=\"image-preview-image\" data-src=\"https:\/\/media.istockphoto.com\/photos\/treasure-map-picture-id1154634349?k=6&amp;m=1154634349&amp;s=612x612&amp;w=0&amp;h=iSGqQGqrCaOepiGzqVoczEWtPW2RtTuBdiP8OyyhpQ0=\" \/><\/p>\n<p style=\"text-align: justify;\">Une chasse au tr\u00e9sor sur le th\u00e8me de l\u2019\u00eele aux pirates !<br \/>\nChers explorateurs, merci d\u2019avoir r\u00e9pondu \u00e0 notre appel. Vous arrivez sur une \u00eele pleine de myst\u00e8res o\u00f9 de surprenantes l\u00e9gendes parlent d\u2019un tr\u00e9sor enfoui.<\/p>\n<div class=\"page\" title=\"Page 26\">\n<div class=\"section\">\n<div class=\"layoutArea\">\n<div class=\"column\">\n<p><strong>Le d\u00e9roul\u00e9 :<\/strong><\/p>\n<ul>\n<li>Les participants se connectent simultan\u00e9ment \u00e0 travers la solution de visioconf\u00e9rence de votre choix.<\/li>\n<li>Un animateur briefe les joueurs, puis chacun d\u2019entre eux rejoint la visioconf\u00e9rence de son \u00e9quipe (4 \u00e0 5 personnes par \u00e9quipe).<\/li>\n<li>6 d\u00e9fis, 10 minutes par d\u00e9fi environ.<\/li>\n<li>Chaque membre de l\u2019\u00e9quipe rejoint la plateforme de jeu via un lien URL.<\/li>\n<li>Les joueurs r\u00e9solvent ensemble les \u00e9nigmes aussi vite que possible.<\/li>\n<li>Une fois que toutes les \u00e9quipes ont termin\u00e9 leur mission, le classement final sera ent\u00e9rin\u00e9.<\/li>\n<\/ul>\n<\/div>\n<\/div>\n<h1 style=\"text-align: center;\">Nos studios d&rsquo;enregistrement<\/h1>\n<p><img loading=\"lazy\" decoding=\"async\" class=\"aligncenter wp-image-435\" src=\"http:\/\/www.korporate-events.com\/evenement\/wp-content\/uploads\/2021\/12\/Chateauform-studio-.jpg\" alt=\"\" width=\"545\" height=\"393\" srcset=\"http:\/\/www.korporate-events.com\/evenement\/wp-content\/uploads\/2021\/12\/Chateauform-studio-.jpg 785w, http:\/\/www.korporate-events.com\/evenement\/wp-content\/uploads\/2021\/12\/Chateauform-studio--300x217.jpg 300w, http:\/\/www.korporate-events.com\/evenement\/wp-content\/uploads\/2021\/12\/Chateauform-studio--768x555.jpg 768w, http:\/\/www.korporate-events.com\/evenement\/wp-content\/uploads\/2021\/12\/Chateauform-studio--624x451.jpg 624w\" sizes=\"auto, (max-width: 545px) 100vw, 545px\" \/><\/p>\n<\/div>\n<\/div>\n<p style=\"text-align: justify;\">Passez en distanciel ou bien mixez pr\u00e9sentiel et distanciel gr\u00e2ce \u00e0 nos studios d&rsquo;enregistrement con\u00e7us pr\u00e9cis\u00e9ment pour r\u00e9pondre aux besoins de vos \u00e9v\u00e8nements phygitaux.\u00a0Nous chercherons selon votre demande, le studio id\u00e9al pour votre \u00e9v\u00e8nement. S\u00e9minaire, convention ou bien lancement de produit, nos studios d&rsquo;adaptent \u00e0 tous types de besoin.<\/p>\n<h3 style=\"text-align: center;\"><strong><em>Et d&rsquo;autres activit\u00e9s comme :\u00a0<\/em><\/strong><\/h3>\n<h2 style=\"text-align: center;\"><strong>Atelier \u00ab\u00a0RSE\u00a0\u00bb\u00a0<\/strong><\/h2>\n<p style=\"text-align: justify;\">L\u2019\u00e9cologie est l\u2019une des valeurs de votre entreprise ?\u00a0<b>Sensibilisez vos salari\u00e9s<\/b>\u00a0\u00e0 vos engagements RSE avec une animation en ad\u00e9quation. Nous pouvons par exemple vous proposer un atelier construction de mini-\u00e9olienne, ou encore un atelier\u00a0<b>cr\u00e9ation de bijoux v\u00e9g\u00e9taux<\/b>.<\/p>\n<h2 style=\"text-align: center;\"><strong>Atelier \u00ab\u00a0Cheeeese \u00bb<\/strong><\/h2>\n<p style=\"text-align: justify;\">Un joyeux team building de d\u00e9gustation de fromages en distanciel ! Cet atelier de Cheese Building a \u00e9t\u00e9 con\u00e7u pour \u00eatre<b> ludique, \u00e9ducative et chaleureux. <\/b>Vos \u00e9quipes se retrouvent en ligne, fromages en main, pour un moment d\u2019\u00e9quipe privil\u00e9gi\u00e9 et convivial.<\/p>\n<h2 style=\"text-align: center;\">Atelier \u00ab\u00a0Do It Yourself\u00a0\u00bb<\/h2>\n<p style=\"text-align: justify;\">Dans la cat\u00e9gorie atelier Do It Yourself, nous pouvons vous proposer de multiples options. La plus populaire dans les \u00e9v\u00e9nements classiques : l\u2019atelier cr\u00e9ation de parfums. Cela permet \u00e0 l\u2019entreprise de divertir ses salari\u00e9s tout en leur offrant un souvenir. Mais ce n\u2019est pas votre seule option. Nous pouvons aussi vous proposer des ateliers de\u00a0personnalisation de basket ou encore de\u00a0fabrication de peluches !<\/p>\n<h2 style=\"text-align: center;\"><strong>Atelier Vert \u00ab\u00a0Kokedama\u00a0\u00bb<\/strong><\/h2>\n<p style=\"text-align: justify;\">Cet atelier kokedama \u00e0 distance est un <b>teambuilding floral <\/b>que nous animons pour vous \u00e0 distance. Un atelier \u00ab\u00a0green\u00a0\u00bb tr\u00e8s ressour\u00e7ant, \u00e0 poser ou \u00e0 suspendre.<\/p>\n<h2 style=\"text-align: center;\"><strong>Le challenge des \u00ab\u00a05 sens\u00a0\u00bb<\/strong><\/h2>\n<p style=\"text-align: justify;\">Stimuler les 5 sens de vos collaborateurs, c\u2019est \u00eatre certain de rester dans leur bon souvenir. Pour cela, nous avons la prestation \u00e9v\u00e9nementielle id\u00e9ale : le challenge des 5 sens \u00a0qui est une \u00e9preuve ludique pour tester vos sens.<\/p>\n<h2 style=\"text-align: center;\"><strong style=\"font-size: 1.285714286rem;\">Concours \u00ab\u00a0Cr\u00e9ation de Pull Moche\u00a0\u00bb<\/strong><\/h2>\n<div class=\"page\" title=\"Page 8\">\n<div class=\"section\">\n<div class=\"layoutArea\">\n<div class=\"column\">\n<p style=\"text-align: justify;\">L\u2019animation Cr\u00e9ation de Pull Moche est un vrai classique de No\u00ebl. C\u2019est pour cela que nous avons tout de suite d\u00e9cid\u00e9 de la rendre accessible et ce, m\u00eame en t\u00e9l\u00e9travail !<\/p>\n<h2 style=\"text-align: center;\"><strong style=\"font-size: 1.285714286rem;\">Digital Quiz<\/strong><\/h2>\n<div class=\"page\" title=\"Page 9\">\n<div class=\"section\">\n<div class=\"layoutArea\">\n<div class=\"column\">\n<p style=\"text-align: justify;\">Rassemblez vos collaborateurs \u00ab chez eux ou ailleurs \u00bb avec ce grand classique de l\u2019animation r\u00e9adapt\u00e9 selon les contraintes du distanciel, pour une ambiance toute aussi survolt\u00e9e !<\/p>\n<h2 style=\"text-align: center;\"><strong>La Bo\u00eete \u00e0 Enigmes<\/strong><\/h2>\n<p style=\"text-align: justify;\">S\u00e9par\u00e9s mais ensemble ! La Bo\u00eete \u00e0 \u00e9nigmes resserre les liens en proposant une visio avec des \u00e9quipes de joueurs. Les challenges sont relev\u00e9s \u00e0 plusieurs ! L&rsquo;animatrice en visio m\u00e8ne le jeu et publie les photos myst\u00e8res.<\/p>\n<h2 style=\"text-align: center;\"><strong>Atelier \u00ab\u00a0D\u00e9couverte Oenologique \u00bb<\/strong><\/h2>\n<p style=\"text-align: justify;\"><span style=\"text-align: justify; font-size: 1rem;\">Les animations \u0153nologie ont toujours \u00e9t\u00e9 particuli\u00e8rement appr\u00e9ci\u00e9es en pr\u00e9sentiel. Elles le sont maintenant en digital. Celle-ci a \u00e9t\u00e9 con\u00e7ue pour \u00eatre ludique et joyeuse.<\/span><\/p>\n<h2 style=\"text-align: center;\"><strong>Cours de cuisine\u00a0<\/strong><\/h2>\n<div class=\"page\" title=\"Page 11\">\n<div class=\"section\">\n<div class=\"layoutArea\">\n<div class=\"column\">\n<p>Nous vous proposons un cours de cuisine \u00e0 distance. Celui-ci peut rapidement \u00eatre transform\u00e9 en\u00a0<b>concours<\/b>\u00a0avec par exemple la mise en valeur de la meilleure pr\u00e9sentation. \u00c7a vous rappelle\u00a0<b>TOP Chef<\/b>\u00a0? Nous aussi !<\/p>\n<\/div>\n<\/div>\n<\/div>\n<\/div>\n<h2 style=\"text-align: center;\"><strong>Cr\u00e9ation de cocktails<\/strong><\/h2>\n<p>On ne va pas se mentir, l\u2019\u00e9v\u00e9nementiel c\u2019est un bon moment de partage mais c\u2019est aussi un\u00a0<b>bon moment pour\u2026 trinquer<\/b>\u00a0!\u00a0Permettez \u00e0 vos salari\u00e9s de continuer de le faire ensemble avec une animation\u00a0<b>cr\u00e9ation de cocktail<\/b>.<\/p>\n<h2 style=\"text-align: center;\"><strong style=\"font-size: 1.285714286rem;\">Initiation \u00e0 la magie<\/strong><\/h2>\n<div class=\"page\" title=\"Page 14\">\n<div class=\"section\">\n<div class=\"layoutArea\">\n<div class=\"column\">\n<p style=\"text-align: justify;\">Vous souhaitez faire plaisir \u00e0 vos collaborateurs et les motiver ? Offrez leur notre animation magie \u00e0 distance, aussi divertissante qu\u2019extraordinaire.<\/p>\n<\/div>\n<\/div>\n<\/div>\n<\/div>\n<\/div>\n<\/div>\n<\/div>\n<\/div>\n<\/div>\n<\/div>\n<\/div>\n<\/div>\n<h2 style=\"text-align: center;\"><strong>\u00a0\u00ab\u00a0Magical Show\u00a0\u00bb<\/strong><\/h2>\n<p><span style=\"font-size: 1rem;\">Magical Show est un <\/span><b style=\"font-size: 1rem;\">show de magie et de mentalisme<\/b><span style=\"font-size: 1rem;\">\u00a0participatif et interactif, qui est suivi d&rsquo;un atelier d&rsquo;apprentissage d&rsquo;illusions qui laissera un super souvenir\u00a0aux participants en leur permettant de vivre\u00a0un moment magique ensemble et d&rsquo;en garder quelque chose qu&rsquo;ils seront fiers de pouvoir \u00e9ventuellement r\u00e9utiliser plus tard.\u00a0<\/span><\/p>\n<h2 style=\"text-align: center;\"><strong style=\"font-size: 1.285714286rem;\">Show de magie en live<\/strong><\/h2>\n<div class=\"page\" title=\"Page 16\">\n<div class=\"section\">\n<div class=\"layoutArea\">\n<div class=\"column\">\n<p style=\"text-align: justify;\">Vivez une exp\u00e9rience de magie unique en son genre. Un show visionnaire haut de gamme ! Et tout cela dans un \u00e9l\u00e9gant d\u00e9cor de Loft New Yorkais.<\/p>\n<\/div>\n<\/div>\n<\/div>\n<\/div>\n<h2 style=\"text-align: center;\"><strong style=\"font-size: 1.285714286rem;\">Les bulles inspirantes<\/strong><\/h2>\n<p style=\"text-align: justify;\">Cette formation \u00ab\u00a0capsules inspirantes\u00a0\u00bb \u00e0 distance a \u00e9t\u00e9 pens\u00e9e pour vous afin d\u2019<b>\u00e9veiller vos \u00e9quipes sur des sujets d\u2019actualit\u00e9s en apportant un nouveau souffle \u00e0 vos r\u00e9unions<\/b>. Les collaborateurs seront enthousiastes<b>\u00a0<\/b>\u00e0 l\u2019id\u00e9e de participer et d\u2019aborder des sujets inspirants avec des\u00a0<b>intervenants certifi\u00e9s. <\/b>3\u00a0th\u00e9matiques\u00a0s&rsquo;offrent \u00e0 vous : <strong>les r\u00e9seaux sociaux, la RSE et le d\u00e9veloppement personnel.<\/strong><\/p>\n<h2 style=\"text-align: center;\"><strong>Cluedo Sp\u00e9cial \u00ab\u00a0Meurtre en cuisine\u00a0\u00bb<\/strong><\/h2>\n<p style=\"text-align: justify;\">Breaking News ! Un grand chef \u00e9toil\u00e9 a \u00e9t\u00e9 retrouv\u00e9 mort dans son restaurant. Les services de la police judiciaire viennent de s\u2019emparer de l\u2019affaire et la pression m\u00e9diatique exige une r\u00e9solution rapide.<\/p>\n<h2 style=\"text-align: center;\"><strong>D\u00e9fi hacker : un intrus au bureau\u00a0<\/strong><\/h2>\n<p style=\"text-align: justify;\">Cet escape game personnalis\u00e9 (le sc\u00e9nario se passe dans vos bureaux, avec vos logos, \u00e9quipes\u2026) vous permet de retrouver vos collaborateurs en ligne pour une aventure tr\u00e8s r\u00e9aliste par \u00e9quipe.\u00a0Le sc\u00e9nario ? Vous allez enqu\u00eater pour retrouver qui a \u00e9t\u00e9 p\u00e9n\u00e9tr\u00e9 en pleine nuit dans vos bureaux ! Mi enqu\u00eateur, mi-hacker, vous allez d\u00e9coder une succession d\u2019\u00e9nigmes !<\/p>\n<h2 style=\"text-align: center;\"><strong>Enqu\u00eate Police Scientifique<\/strong><\/h2>\n<p style=\"text-align: justify;\">Vos invit\u00e9s doivent r\u00e9soudre moins de 45min une affaire inspir\u00e9e de faits r\u00e9els, en utilisant les m\u00e9thodes de recherche et d\u2019analyse des plus grands laboratoires scientifiques.<\/p>\n<h2 style=\"text-align: center;\"><strong>Escape Game \u00ab\u00a0La Casa de Papel\u00a0\u00bb<\/strong><\/h2>\n<p style=\"text-align: justify;\">Inspir\u00e9 de la s\u00e9rie t\u00e9l\u00e9, cet escape game \u00e0 distance vous permet de retrouver vos \u00e9quipes en ligne pour une aventure fun et hyper r\u00e9aliste. Nous pouvons animer cet escape game \u00e0 distance pour 10 \u00e0 1000 personnes, par \u00e9quipe de 5 joueurs (avec ma\u00eetres du jeu en support).<span class=\"Apple-converted-space\">\u00a0<\/span><\/p>\n<h2 style=\"text-align: center;\">\u00a0<strong>Team Building \u00ab\u00a0Cyber Attaque\u00a0\u00bb<\/strong><\/h2>\n<p style=\"text-align: justify;\">Ce team building \u00e0 distance Cyber Attaque permet \u00e0 vos \u00e9quipes de partir \u00e0 la poursuite des hackers et de les arr\u00eater. Les \u00e9quipes \u00e9voluent parall\u00e8lement par 5, accompagn\u00e9s par des game masters complices.<span class=\"Apple-converted-space\">\u00a0\u00a0<\/span>Le sc\u00e9nario ? Les Nemos, ce groupe de hackers si redoutable, s\u2019appr\u00eate \u00e0 hacker le syst\u00e8me informatique de votre entreprise.<\/p>\n<h2 style=\"text-align: center;\"><strong>Missio<\/strong><strong>n \u00ab\u00a0Spectrum\u00a0\u00bb<\/strong><\/h2>\n<p style=\"text-align: justify;\">Une course contre la montre tr\u00e9pidante pour r\u00e9soudre un maximum d\u2019\u00e9nigmes\u00a0 !<br \/>\nL\u2019\u00e9tat-major est en alerte maximum, une cyber attaque d\u2019une ampleur in\u00e9dite vient de se produire il y a une heure !<\/p>\n<h2 style=\"text-align: center;\"><strong>SOS Op\u00e9ration\u00a0Monde<\/strong><\/h2>\n<p style=\"text-align: justify;\">Parcourez le monde dans ce rallye virtuel de 10 escales. Chaque \u00e9tape est une \u00e9nigme \u00e0 r\u00e9soudre en \u00e9quipe avec un seul but : rejoindre le rendez-vous virtuel final et gagner aux points!\u00a0Chaque \u00e9nigme m\u00e8ne \u00e0 une grande ville myst\u00e8re de la plan\u00e8te.<\/p>\n<h2 style=\"text-align: center;\"><strong>Error #60<\/strong><\/h2>\n<p style=\"text-align: justify;\">Une aventure palpitante sur un fond de voyage dans le temps !<br \/>\nVous \u00e9tiez connect\u00e9s en visioconf\u00e9rence avec vos collaborateurs quand soudain, vos ordinateurs subissent un \u00e9norme bug ! La faute \u00e0 votre coll\u00e8gue Michel ! Apr\u00e8s une erreur de manipulation, le voil\u00e0 redirig\u00e9 vers un site inconnu\u2026<\/p>\n<h2 style=\"text-align: center;\">L&rsquo;affaire \u00ab\u00a0HG\u00a0\u00bb<\/h2>\n<p style=\"text-align: justify;\">Dans ce thriller\u00a0online intense, vous et vos coll\u00e8gues \u00eates sans nouvelles du professeur Henry Gotairicopsky. Son assistant, rest\u00e9 \u00e0 la capitale, va vous aider \u00e0 partir \u00e0 sa recherche. Gr\u00e2ce \u00e0 notre solution informatique, <b>vous guidez l\u2019assistant-acteur qui vous montre son avanc\u00e9e en cam\u00e9ra embarqu\u00e9e<\/b> : vous d\u00e9cidez \u00e0 la majorit\u00e9 de tout ce qu\u2019il doit faire. C\u2019est en collaborant entre membres de\u00a0votre \u00e9quipe tout au long de l&rsquo;intrigue\u00a0que vous trouverez les cl\u00e9s qui vous pourront vous mener au professeur disparu\u2026<\/p>\n<h2 style=\"text-align: center;\">Le tr\u00e9sor du Lord Anglais<\/h2>\n<p style=\"text-align: justify;\"><span style=\"text-align: justify; font-size: 1rem;\">Une myst\u00e9rieuse invitation vous est parvenue, vous conviant \u00e0 la visite virtuelle d\u2019un gigantesque domaine. Celle-ci est sign\u00e9e par un c\u00e9l\u00e8bre\u00a0noble anglais\u00a0: Lord Playfair. Celui-ci est connu pour son sens de l\u2019aventure, sa sympathie, mais aussi et surtout pour sa richesse d\u00e9mesur\u00e9e. De\u00a0plus, il n\u2019a pas d\u2019h\u00e9ritiers&#8230; et si c\u2019\u00e9tait vous ? Playfair est tr\u00e8s clair : une seule \u00e9quipe sortira gagnante. Une partie de la fortune du Lord a \u00e9t\u00e9 investie dans un syst\u00e8me d\u2019aventure r\u00e9volutionnaire : il vous propose ainsi une vraie course contre la montre pour d\u00e9terminer qui seront les premiers \u00e0 trouver son plus grand tr\u00e9sor. Le th\u00e8me est totalement personnalisable !<\/span><\/p>\n<h2 style=\"text-align: center;\">Space\u00a0Adventure<\/h2>\n<p style=\"text-align: justify;\">Votre \u00e9quipage est sur le point de participer au premier voyage galactique <b>en ligne<\/b>. Au cours de ce s\u00e9jour extra-terrestre, vous rel\u00e8verez deux types de d\u00e9fis : Pour tester votre expertise d\u2019e-astronaute, le capitaine du vaisseau vous questionnera sur des th\u00e8mes divers et vari\u00e9s de votre vie terrienne. Liez votre savoir collectif et <b>gagnez le plus de points pour devenir les meilleurs.<\/b><\/p>\n<h2 style=\"text-align: center;\"><strong>Team Building \u00ab\u00a0Tous en Sc\u00e8ne\u00a0\u00bb<\/strong><\/h2>\n<p style=\"text-align: justify;\">Envie de savoir si vous avez des talents cach\u00e9s\u00a0? Alors ce team building \u00e0 distance est fait pour vous\u00a0! Celui-ci est id\u00e9al pour souder vos \u00e9quipes et leur faire retrouver leur \u00e2me d\u2019enfant le temps d\u2019une animation.<\/p>\n<h2 style=\"text-align: center;\">Home Challenge<\/h2>\n<p style=\"text-align: justify;\">Voici une <b>animation id\u00e9ale pour tester vos connaissances et renforcer la coh\u00e9sion d\u2019\u00e9quipe\u00a0!\u00a0<\/b>Quizz personnalis\u00e9s, blind-tests, d\u00e9fis, \u00e9preuves et mini-jeux survolt\u00e9s vous attendent\u00a0!<\/p>\n<h2 style=\"text-align: center;\">Le Projet P\u00e9gase<\/h2>\n<p style=\"text-align: justify;\">3 scientifiques travaillant pour Spider Technologies, une entreprise de biotechnologie, sont port\u00e9s disparus. Peu de temps apr\u00e8s, c\u2019est un agent infiltr\u00e9 qui dispara\u00eet. \u00c0 tire d\u2019aile, les joueurs, agents secrets du WISE, s\u2019aventurent dans une enqu\u00eate virtuelle combinant \u00e9nigmes, exploration 3D et hacking\u00a0!<\/p>\n<p style=\"text-align: left;\">[gravityform id=\u00a0\u00bb31&Prime; title=\u00a0\u00bbtrue\u00a0\u00bb description=\u00a0\u00bbtrue\u00a0\u00bb]<\/p>\n","protected":false},"excerpt":{"rendered":"<p>Escape Game \u00ab\u00a0Vol au Mus\u00e9e du Louvre\u00a0\u00bb Ce Team Building en ligne vous permet une exp\u00e9rience immersive sans contraintes \u00ab\u00a0physiques\u00a0\u00bb.\u00a0Le principe\u00a0? R\u00e9soudre en un temps donn\u00e9 le myst\u00e8re qui entoure un vol ayant lieu au Mus\u00e9e du Louvre. Le d\u00e9roul\u00e9 : Les participants constituent des \u00e9quipes de 2 \u00e0 6 joueurs. L\u2019animation peut contenir jusqu\u2019\u00e0 [&hellip;]<\/p>\n","protected":false},"author":1,"featured_media":0,"parent":0,"menu_order":0,"comment_status":"closed","ping_status":"closed","template":"","meta":{"footnotes":""},"class_list":["post-421","page","type-page","status-publish","hentry"],"_links":{"self":[{"href":"http:\/\/www.korporate-events.com\/evenement\/wp-json\/wp\/v2\/pages\/421","targetHints":{"allow":["GET"]}}],"collection":[{"href":"http:\/\/www.korporate-events.com\/evenement\/wp-json\/wp\/v2\/pages"}],"about":[{"href":"http:\/\/www.korporate-events.com\/evenement\/wp-json\/wp\/v2\/types\/page"}],"author":[{"embeddable":true,"href":"http:\/\/www.korporate-events.com\/evenement\/wp-json\/wp\/v2\/users\/1"}],"replies":[{"embeddable":true,"href":"http:\/\/www.korporate-events.com\/evenement\/wp-json\/wp\/v2\/comments?post=421"}],"version-history":[{"count":9,"href":"http:\/\/www.korporate-events.com\/evenement\/wp-json\/wp\/v2\/pages\/421\/revisions"}],"predecessor-version":[{"id":437,"href":"http:\/\/www.korporate-events.com\/evenement\/wp-json\/wp\/v2\/pages\/421\/revisions\/437"}],"wp:attachment":[{"href":"http:\/\/www.korporate-events.com\/evenement\/wp-json\/wp\/v2\/media?parent=421"}],"curies":[{"name":"wp","href":"https:\/\/api.w.org\/{rel}","templated":true}]}}