{"id":439,"date":"2022-03-04T17:53:18","date_gmt":"2022-03-04T16:53:18","guid":{"rendered":"http:\/\/www.korporate-events.com\/evenement\/?page_id=439"},"modified":"2022-03-11T17:18:10","modified_gmt":"2022-03-11T16:18:10","slug":"rooftop-terrasses-jardins","status":"publish","type":"page","link":"http:\/\/www.korporate-events.com\/evenement\/rooftop-terrasses-jardins\/","title":{"rendered":"Rooftop, Terrasses &#038; Jardins"},"content":{"rendered":"<h1 style=\"text-align: center;\">Rooftops<\/h1>\n<p><img loading=\"lazy\" decoding=\"async\" class=\"image-preview__image aligncenter\" src=\"https:\/\/medias.lequipe.fr\/img-photo-jpg\/-\/1500000000974648\/2:0,1374:887-850-550-75\/0d50f.jpg\" alt=\"Les 15 meilleurs rooftops de Paris - - L&amp;#39;\u00c9quipe\" width=\"513\" height=\"332\" data-v-52ccb4dc=\"\" data-test-src=\"https:\/\/medias.lequipe.fr\/img-photo-jpg\/-\/1500000000974648\/2:0,1374:887-850-550-75\/0d50f.jpg\" data-test-id=\"image-preview-image\" data-src=\"https:\/\/medias.lequipe.fr\/img-photo-jpg\/-\/1500000000974648\/2:0,1374:887-850-550-75\/0d50f.jpg\" \/><\/p>\n<p style=\"text-align: center;\">Profitez des meilleurs rooftops de la capitale pour une soir\u00e9e inoubliable\u00a0au coeur d&rsquo;une atmosph\u00e8re cosy et face \u00e0 un horizon \u00e0 perte de vue\u00a0!<\/p>\n<h1 style=\"text-align: center;\">Terrasses et Jardins<\/h1>\n<p><img loading=\"lazy\" decoding=\"async\" class=\"image-preview__image aligncenter\" src=\"https:\/\/www.terroir-evasion.com\/wp-content\/uploads\/2017\/06\/Brasserie-Auteuil-Rooftop-2017_c2i.jpg\" alt=\"Auteuil Brasserie, comme un air de Toscane \u00e0 Paris\" width=\"514\" height=\"343\" data-v-52ccb4dc=\"\" data-test-src=\"https:\/\/www.terroir-evasion.com\/wp-content\/uploads\/2017\/06\/Brasserie-Auteuil-Rooftop-2017_c2i.jpg\" data-test-id=\"image-preview-image\" data-src=\"https:\/\/www.terroir-evasion.com\/wp-content\/uploads\/2017\/06\/Brasserie-Auteuil-Rooftop-2017_c2i.jpg\" \/><\/p>\n<p style=\"text-align: center;\">Les beaux jours arrivent et avec eux, la d\u00e9couverte des plus beaux jardins et terrasses de la capitale ou de province !<\/p>\n<p style=\"text-align: left;\">[gravityform id=\u00a0\u00bb32&Prime; title=\u00a0\u00bbtrue\u00a0\u00bb description=\u00a0\u00bbtrue\u00a0\u00bb]<\/p>\n","protected":false},"excerpt":{"rendered":"<p>Rooftops Profitez des meilleurs rooftops de la capitale pour une soir\u00e9e inoubliable\u00a0au coeur d&rsquo;une atmosph\u00e8re cosy et face \u00e0 un horizon \u00e0 perte de vue\u00a0! Terrasses et Jardins Les beaux jours arrivent et avec eux, la d\u00e9couverte des plus beaux jardins et terrasses de la capitale ou de province ! [gravityform id=\u00a0\u00bb32&Prime; title=\u00a0\u00bbtrue\u00a0\u00bb description=\u00a0\u00bbtrue\u00a0\u00bb]<\/p>\n","protected":false},"author":1,"featured_media":0,"parent":0,"menu_order":0,"comment_status":"closed","ping_status":"closed","template":"","meta":{"footnotes":""},"class_list":["post-439","page","type-page","status-publish","hentry"],"_links":{"self":[{"href":"http:\/\/www.korporate-events.com\/evenement\/wp-json\/wp\/v2\/pages\/439","targetHints":{"allow":["GET"]}}],"collection":[{"href":"http:\/\/www.korporate-events.com\/evenement\/wp-json\/wp\/v2\/pages"}],"about":[{"href":"http:\/\/www.korporate-events.com\/evenement\/wp-json\/wp\/v2\/types\/page"}],"author":[{"embeddable":true,"href":"http:\/\/www.korporate-events.com\/evenement\/wp-json\/wp\/v2\/users\/1"}],"replies":[{"embeddable":true,"href":"http:\/\/www.korporate-events.com\/evenement\/wp-json\/wp\/v2\/comments?post=439"}],"version-history":[{"count":4,"href":"http:\/\/www.korporate-events.com\/evenement\/wp-json\/wp\/v2\/pages\/439\/revisions"}],"predecessor-version":[{"id":443,"href":"http:\/\/www.korporate-events.com\/evenement\/wp-json\/wp\/v2\/pages\/439\/revisions\/443"}],"wp:attachment":[{"href":"http:\/\/www.korporate-events.com\/evenement\/wp-json\/wp\/v2\/media?parent=439"}],"curies":[{"name":"wp","href":"https:\/\/api.w.org\/{rel}","templated":true}]}}