{"id":524,"date":"2024-11-29T12:26:10","date_gmt":"2024-11-29T11:26:10","guid":{"rendered":"http:\/\/www.korporate-events.com\/evenement\/?page_id=524"},"modified":"2024-12-05T11:10:58","modified_gmt":"2024-12-05T10:10:58","slug":"fiche-contact","status":"publish","type":"page","link":"http:\/\/www.korporate-events.com\/evenement\/fiche-contact\/","title":{"rendered":"Fiche contact"},"content":{"rendered":"<div id=\"sp-page\" class=\"spBgcover sp-content-1\" style=\"background-color: rgb(255, 255, 255); font-family: 'Helvetica Neue', Arial, sans-serif; font-weight: 400;\">\n<section id=\"sp-j8v4p1\" data-mobile-visibility=\"#sp-j8v4p1|false\" data-tablet-visibility=\"#sp-j8v4p1|false\" data-desktop-visibility=\"#sp-j8v4p1|false\" data-mobile-css=\"\" data-tablet-css=\"\" class=\"sp-el-section \" style=\"width: 100%; max-width: 100%;\">\n<div id=\"sp-pk1c5c\" data-mobile-visibility=\"#sp-pk1c5c|false\" data-tablet-visibility=\"#sp-pk1c5c|false\" data-desktop-visibility=\"#sp-pk1c5c|false\" data-mobile-css=\"\" data-tablet-css=\"\" class=\"sp-el-row sp-w-full  sp-m-auto sm:sp-flex sp-justify-between\">\n<div id=\"sp-l2hdxv\" data-mobile-visibility=\"#sp-l2hdxv|false\" data-tablet-visibility=\"#sp-l2hdxv|false\" data-desktop-visibility=\"#sp-l2hdxv|false\" data-mobile-css=\"\" data-tablet-css=\"\" class=\"sp-el-col  sp-w-full \" style=\"width: calc(100% + 0px);\">\n<figure id=\"sp-qq7bfs\" data-mobile-css=\"#sp-qq7bfs|text-align:center;\" data-tablet-css=\"#sp-qq7bfs|text-align:center;\" class=\"sp-image-wrapper sp-el-block\" style=\"margin: 0px; text-align: center;\">\n<div><span><img decoding=\"async\" src=\"http:\/\/www.korporate-events.com\/evenement\/wp-content\/uploads\/2022\/11\/Logo-Kevents.tiff\" alt=\"\" width=\"\" height=\"\" data-dynamic-tag=\"\" data-image-src=\"wpmedia\" data-mobile-visibility=\".sp-image-block-qq7bfs|false\" data-tablet-visibility=\".sp-image-block-qq7bfs|false\" data-desktop-visibility=\".sp-image-block-qq7bfs|false\" srcset=\" http:\/\/www.korporate-events.com\/evenement\/wp-content\/uploads\/2022\/11\/Logo-Kevents.tiff undefinedw\" class=\"sp-image-block-qq7bfs custom-preview-class\"><\/span><\/div>\n<div id=\"sp-image-dynamic-tags-js-qq7bfs\"><script>jQuery(function() { image_dynamic_tags('qq7bfs' );});<\/script><\/div>\n<\/figure>\n<div id=\"sp-mndmbn\" data-mobile-css=\"\" data-tablet-css=\"\" data-mobile-visibility=\".sp-form-block-mndmbn|false\" data-tablet-visibility=\".sp-form-block-mndmbn|false\" data-desktop-visibility=\".sp-form-block-mndmbn|false\" class=\"sp-form-wrapper sp-el-block sp-has-form sp-form-block-mndmbn\" style=\"margin: 0px; text-align: left;\">\n<div>\n<div class=\"\">\n      <div class=\"wpforms-container wpforms-container-full\" id=\"wpforms-468\"><form id=\"wpforms-form-468\" class=\"wpforms-validate wpforms-form wpforms-ajax-form\" data-formid=\"468\" method=\"post\" enctype=\"multipart\/form-data\" action=\"\/evenement\/wp-json\/wp\/v2\/pages\/524\" data-token=\"fe44579e5cd210090147eb1b60b1cae3\"><noscript class=\"wpforms-error-noscript\">Veuillez activer JavaScript dans votre navigateur pour remplir ce formulaire.<\/noscript><div class=\"wpforms-field-container\"><div id=\"wpforms-468-field_1-container\" class=\"wpforms-field wpforms-field-name\" data-field-id=\"1\"><label class=\"wpforms-field-label\" for=\"wpforms-468-field_1\">Nom <span class=\"wpforms-required-label\">*<\/span><\/label><div class=\"wpforms-field-row wpforms-field-large\"><div class=\"wpforms-field-row-block wpforms-first wpforms-one-half\"><input type=\"text\" id=\"wpforms-468-field_1\" class=\"wpforms-field-name-first wpforms-field-required\" name=\"wpforms[fields][1][first]\" required><label for=\"wpforms-468-field_1\" class=\"wpforms-field-sublabel after \">Pr\u00e9nom<\/label><\/div><div class=\"wpforms-field-row-block wpforms-one-half\"><input type=\"text\" id=\"wpforms-468-field_1-last\" class=\"wpforms-field-name-last wpforms-field-required\" name=\"wpforms[fields][1][last]\" required><label for=\"wpforms-468-field_1-last\" class=\"wpforms-field-sublabel after \">Nom<\/label><\/div><\/div><\/div><div id=\"wpforms-468-field_5-container\" class=\"wpforms-field wpforms-field-email\" data-field-id=\"5\"><label class=\"wpforms-field-label\" for=\"wpforms-468-field_5\">E-mail <span class=\"wpforms-required-label\">*<\/span><\/label><input type=\"email\" id=\"wpforms-468-field_5\" class=\"wpforms-field-medium wpforms-field-required\" name=\"wpforms[fields][5]\" required><\/div><div id=\"wpforms-468-field_6-container\" class=\"wpforms-field wpforms-field-text\" data-field-id=\"6\"><label class=\"wpforms-field-label\" for=\"wpforms-468-field_6\">Soci\u00e9t\u00e9  <span class=\"wpforms-required-label\">*<\/span><\/label><input type=\"text\" id=\"wpforms-468-field_6\" class=\"wpforms-field-medium wpforms-field-required\" name=\"wpforms[fields][6]\" required><\/div><div id=\"wpforms-468-field_10-container\" class=\"wpforms-field wpforms-field-text\" data-field-id=\"10\"><label class=\"wpforms-field-label\" for=\"wpforms-468-field_10\">Nombre de personnes<\/label><input type=\"text\" id=\"wpforms-468-field_10\" class=\"wpforms-field-medium\" name=\"wpforms[fields][10]\" ><div class=\"wpforms-field-description\">Combien de personnes participent \u00e0 cet \u00e9v\u00e9nement ?<\/div><\/div><div id=\"wpforms-468-field_9-container\" class=\"wpforms-field wpforms-field-textarea\" data-field-id=\"9\"><label class=\"wpforms-field-label\" for=\"wpforms-468-field_9\">Nature de votre projet ? <span class=\"wpforms-required-label\">*<\/span><\/label><textarea id=\"wpforms-468-field_9\" class=\"wpforms-field-medium wpforms-field-required\" name=\"wpforms[fields][9]\" required><\/textarea><\/div><\/div><div class=\"wpforms-submit-container\"><input type=\"hidden\" name=\"wpforms[id]\" value=\"468\"><input type=\"hidden\" name=\"wpforms[author]\" value=\"1\"><button type=\"submit\" name=\"wpforms[submit]\" id=\"wpforms-submit-468\" class=\"wpforms-submit\" data-alt-text=\"Envoi...\" data-submit-text=\"Envoyer\" aria-live=\"assertive\" value=\"wpforms-submit\">Envoyer<\/button><img loading=\"lazy\" decoding=\"async\" src=\"http:\/\/www.korporate-events.com\/evenement\/wp-content\/plugins\/wpforms-lite\/assets\/images\/submit-spin.svg\" class=\"wpforms-submit-spinner\" style=\"display: none;\" width=\"26\" height=\"26\" alt=\"Chargement en cours\"><\/div><\/form><\/div>  <!-- .wpforms-container -->\n    <\/div>\n<\/div>\n<\/div>\n<\/div>\n<\/div>\n<\/section>\n<\/div>\n","protected":false},"excerpt":{"rendered":"","protected":false},"author":1,"featured_media":0,"parent":0,"menu_order":0,"comment_status":"closed","ping_status":"closed","template":"","meta":{"footnotes":""},"class_list":["post-524","page","type-page","status-publish","hentry"],"_links":{"self":[{"href":"http:\/\/www.korporate-events.com\/evenement\/wp-json\/wp\/v2\/pages\/524","targetHints":{"allow":["GET"]}}],"collection":[{"href":"http:\/\/www.korporate-events.com\/evenement\/wp-json\/wp\/v2\/pages"}],"about":[{"href":"http:\/\/www.korporate-events.com\/evenement\/wp-json\/wp\/v2\/types\/page"}],"author":[{"embeddable":true,"href":"http:\/\/www.korporate-events.com\/evenement\/wp-json\/wp\/v2\/users\/1"}],"replies":[{"embeddable":true,"href":"http:\/\/www.korporate-events.com\/evenement\/wp-json\/wp\/v2\/comments?post=524"}],"version-history":[{"count":9,"href":"http:\/\/www.korporate-events.com\/evenement\/wp-json\/wp\/v2\/pages\/524\/revisions"}],"predecessor-version":[{"id":540,"href":"http:\/\/www.korporate-events.com\/evenement\/wp-json\/wp\/v2\/pages\/524\/revisions\/540"}],"wp:attachment":[{"href":"http:\/\/www.korporate-events.com\/evenement\/wp-json\/wp\/v2\/media?parent=524"}],"curies":[{"name":"wp","href":"https:\/\/api.w.org\/{rel}","templated":true}]}}