{"id":55,"date":"2014-10-20T16:47:06","date_gmt":"2014-10-20T15:47:06","guid":{"rendered":"http:\/\/www.korporate-events.com\/evenement\/?page_id=55"},"modified":"2019-04-18T15:40:23","modified_gmt":"2019-04-18T14:40:23","slug":"formulaire-oct","status":"publish","type":"page","link":"http:\/\/www.korporate-events.com\/evenement\/formulaire-oct\/","title":{"rendered":"Soir\u00e9es \u00e0 th\u00e8mes Sept 2016"},"content":{"rendered":"<div style=\"text-align: center;\">\n<p><img loading=\"lazy\" decoding=\"async\" class=\"alignnone size-full wp-image-58\" src=\"http:\/\/www.korporate-events.com\/evenement\/wp-content\/uploads\/2014\/10\/SOIREE-1.jpg\" alt=\"SOIREE-1\" width=\"580\" height=\"241\" srcset=\"http:\/\/www.korporate-events.com\/evenement\/wp-content\/uploads\/2014\/10\/SOIREE-1.jpg 580w, http:\/\/www.korporate-events.com\/evenement\/wp-content\/uploads\/2014\/10\/SOIREE-1-300x124.jpg 300w\" sizes=\"auto, (max-width: 580px) 100vw, 580px\" \/><\/p>\n<h4 style=\"color: #2796d6;\">Pour b\u00e9n\u00e9ficier de nos meilleures offres et de conditions privil\u00e9gi\u00e9es,<br \/>\nmerci de remplir ce formulaire.<\/h4>\n<p>[gravityform id=\u00a0\u00bb3&Prime; name=\u00a0\u00bbMailing CE Octobre 2014&Prime; title=\u00a0\u00bbfalse\u00a0\u00bb description=\u00a0\u00bbfalse\u00a0\u00bb]<\/p>\n<\/div>\n","protected":false},"excerpt":{"rendered":"<p>Pour b\u00e9n\u00e9ficier de nos meilleures offres et de conditions privil\u00e9gi\u00e9es, merci de remplir ce formulaire. [gravityform id=\u00a0\u00bb3&Prime; name=\u00a0\u00bbMailing CE Octobre 2014&Prime; title=\u00a0\u00bbfalse\u00a0\u00bb description=\u00a0\u00bbfalse\u00a0\u00bb]<\/p>\n","protected":false},"author":1,"featured_media":0,"parent":0,"menu_order":0,"comment_status":"closed","ping_status":"closed","template":"page-templates\/full-width.php","meta":{"footnotes":""},"class_list":["post-55","page","type-page","status-publish","hentry"],"_links":{"self":[{"href":"http:\/\/www.korporate-events.com\/evenement\/wp-json\/wp\/v2\/pages\/55","targetHints":{"allow":["GET"]}}],"collection":[{"href":"http:\/\/www.korporate-events.com\/evenement\/wp-json\/wp\/v2\/pages"}],"about":[{"href":"http:\/\/www.korporate-events.com\/evenement\/wp-json\/wp\/v2\/types\/page"}],"author":[{"embeddable":true,"href":"http:\/\/www.korporate-events.com\/evenement\/wp-json\/wp\/v2\/users\/1"}],"replies":[{"embeddable":true,"href":"http:\/\/www.korporate-events.com\/evenement\/wp-json\/wp\/v2\/comments?post=55"}],"version-history":[{"count":10,"href":"http:\/\/www.korporate-events.com\/evenement\/wp-json\/wp\/v2\/pages\/55\/revisions"}],"predecessor-version":[{"id":182,"href":"http:\/\/www.korporate-events.com\/evenement\/wp-json\/wp\/v2\/pages\/55\/revisions\/182"}],"wp:attachment":[{"href":"http:\/\/www.korporate-events.com\/evenement\/wp-json\/wp\/v2\/media?parent=55"}],"curies":[{"name":"wp","href":"https:\/\/api.w.org\/{rel}","templated":true}]}}